{"id":14337,"date":"2021-06-23T15:05:40","date_gmt":"2021-06-23T15:05:40","guid":{"rendered":"https:\/\/server.idssoft.net\/idsdemo\/producto\/gel-higienizante-hidroalcoholico-500ml-con-dosificador\/"},"modified":"2021-06-23T15:05:40","modified_gmt":"2021-06-23T15:05:40","slug":"gel-higienizante-hidroalcoholico-500ml-con-dosificador","status":"publish","type":"product","link":"https:\/\/server.idssoft.net\/idsdemo\/producto\/gel-higienizante-hidroalcoholico-500ml-con-dosificador\/","title":{"rendered":"GEL HIGIENIZANTE HIDROALCOH\u00d3LICO 500ML CON DOSIFICADOR"},"content":{"rendered":"<p>PROPIEDADES Y APLICACIONES: Formulaci\u00f3n para lavado manual de manos recomendada por la OMS<br \/>Tambi\u00e9n es un producto recomendado (formula 2) a base de alcohol isoprop\u00edlico y per\u00f3xido de hidrogeno, con excipientes protectores de la piel, que puede<\/p>\n","protected":false},"excerpt":{"rendered":"<p>PROPIEDADES Y APLICACIONES: Formulaci\u00f3n para lavado manual de manos recomendada por la OMSTambi\u00e9n es un producto recomendado (formula 2) a base de alcohol isoprop\u00edlico y per\u00f3xido de hidrogeno, con excipientes protectores de la piel, que puede<\/p>\n","protected":false},"featured_media":14336,"comment_status":"open","ping_status":"closed","template":"","meta":[],"product_cat":[651],"product_tag":[],"class_list":["post-14337","product","type-product","status-publish","has-post-thumbnail","hentry","product_cat-geles-sprays","thunk-woo-product-list","opn-qv-enable","top-store-woo-hover-","top-store-single-product-tab-horizontal","top-store-shadow-","top-store-shadow-hover-"],"_links":{"self":[{"href":"https:\/\/server.idssoft.net\/idsdemo\/wp-json\/wp\/v2\/product\/14337","targetHints":{"allow":["GET"]}}],"collection":[{"href":"https:\/\/server.idssoft.net\/idsdemo\/wp-json\/wp\/v2\/product"}],"about":[{"href":"https:\/\/server.idssoft.net\/idsdemo\/wp-json\/wp\/v2\/types\/product"}],"replies":[{"embeddable":true,"href":"https:\/\/server.idssoft.net\/idsdemo\/wp-json\/wp\/v2\/comments?post=14337"}],"wp:featuredmedia":[{"embeddable":true,"href":"https:\/\/server.idssoft.net\/idsdemo\/wp-json\/wp\/v2\/media\/14336"}],"wp:attachment":[{"href":"https:\/\/server.idssoft.net\/idsdemo\/wp-json\/wp\/v2\/media?parent=14337"}],"wp:term":[{"taxonomy":"product_cat","embeddable":true,"href":"https:\/\/server.idssoft.net\/idsdemo\/wp-json\/wp\/v2\/product_cat?post=14337"},{"taxonomy":"product_tag","embeddable":true,"href":"https:\/\/server.idssoft.net\/idsdemo\/wp-json\/wp\/v2\/product_tag?post=14337"}],"curies":[{"name":"wp","href":"https:\/\/api.w.org\/{rel}","templated":true}]}}