{"id":14339,"date":"2021-06-23T15:05:44","date_gmt":"2021-06-23T15:05:44","guid":{"rendered":"https:\/\/server.idssoft.net\/idsdemo\/producto\/roller-dance-rojo-biwond\/"},"modified":"2021-06-23T15:05:44","modified_gmt":"2021-06-23T15:05:44","slug":"roller-dance-rojo-biwond","status":"publish","type":"product","link":"https:\/\/server.idssoft.net\/idsdemo\/producto\/roller-dance-rojo-biwond\/","title":{"rendered":"ROLLER DANCE ROJO BIWOND"},"content":{"rendered":"<p>Algo \u00fanico, algo diferente, descubre la nueva revoluci\u00f3n sobre ruedas, muevet\u00e9 como una serpiente y disfruta de la velocidad mientras haces ejercicio. M\u00e1s seguridad, m\u00e1s diversi\u00f3n, entretenimiento garantizado para los m\u00e1s peque\u00f1os y no tan peq<\/p>\n","protected":false},"excerpt":{"rendered":"<p>Algo \u00fanico, algo diferente, descubre la nueva revoluci\u00f3n sobre ruedas, muevet\u00e9 como una serpiente y disfruta de la velocidad mientras haces ejercicio. M\u00e1s seguridad, m\u00e1s diversi\u00f3n, entretenimiento garantizado para los m\u00e1s peque\u00f1os y no tan peq<\/p>\n","protected":false},"featured_media":14338,"comment_status":"open","ping_status":"closed","template":"","meta":[],"product_cat":[462],"product_tag":[],"class_list":["post-14339","product","type-product","status-publish","has-post-thumbnail","hentry","product_cat-patinetes-y-accesorios","thunk-woo-product-list","opn-qv-enable","top-store-woo-hover-","top-store-single-product-tab-horizontal","top-store-shadow-","top-store-shadow-hover-"],"_links":{"self":[{"href":"https:\/\/server.idssoft.net\/idsdemo\/wp-json\/wp\/v2\/product\/14339","targetHints":{"allow":["GET"]}}],"collection":[{"href":"https:\/\/server.idssoft.net\/idsdemo\/wp-json\/wp\/v2\/product"}],"about":[{"href":"https:\/\/server.idssoft.net\/idsdemo\/wp-json\/wp\/v2\/types\/product"}],"replies":[{"embeddable":true,"href":"https:\/\/server.idssoft.net\/idsdemo\/wp-json\/wp\/v2\/comments?post=14339"}],"wp:featuredmedia":[{"embeddable":true,"href":"https:\/\/server.idssoft.net\/idsdemo\/wp-json\/wp\/v2\/media\/14338"}],"wp:attachment":[{"href":"https:\/\/server.idssoft.net\/idsdemo\/wp-json\/wp\/v2\/media?parent=14339"}],"wp:term":[{"taxonomy":"product_cat","embeddable":true,"href":"https:\/\/server.idssoft.net\/idsdemo\/wp-json\/wp\/v2\/product_cat?post=14339"},{"taxonomy":"product_tag","embeddable":true,"href":"https:\/\/server.idssoft.net\/idsdemo\/wp-json\/wp\/v2\/product_tag?post=14339"}],"curies":[{"name":"wp","href":"https:\/\/api.w.org\/{rel}","templated":true}]}}