{"id":14346,"date":"2021-06-23T15:05:58","date_gmt":"2021-06-23T15:05:58","guid":{"rendered":"https:\/\/server.idssoft.net\/idsdemo\/producto\/bateria-de-cocina-jata-bc3-3-piezas-aluminio-forjado-apta-to\/"},"modified":"2021-06-23T15:05:58","modified_gmt":"2021-06-23T15:05:58","slug":"bateria-de-cocina-jata-bc3-3-piezas-aluminio-forjado-apta-to","status":"publish","type":"product","link":"https:\/\/server.idssoft.net\/idsdemo\/producto\/bateria-de-cocina-jata-bc3-3-piezas-aluminio-forjado-apta-to\/","title":{"rendered":"BATERIA DE COCINA JATA BC3 3 PIEZAS ALUMINIO FORJADO APTA TO"},"content":{"rendered":"<p>.Bater\u00eda de cocina 3 piezas con tapas. Fondo difusor inducci\u00f3n total y base sandwich de 3 mm para mantenimiento, control y difusi\u00f3n perfecta del calor.<\/p>\n<p>.Cazuela de 24 cm. con tapa Altura 12 cm. Capacidad 4,2 L<br \/>.Cazuela de 20 cm. con<\/p>\n","protected":false},"excerpt":{"rendered":"<p>.Bater\u00eda de cocina 3 piezas con tapas. Fondo difusor inducci\u00f3n total y base sandwich de 3 mm para mantenimiento, control y difusi\u00f3n perfecta del calor. .Cazuela de 24 cm. con tapa Altura 12 cm. Capacidad 4,2 L.Cazuela de 20 cm. con<\/p>\n","protected":false},"featured_media":14345,"comment_status":"open","ping_status":"closed","template":"","meta":[],"product_cat":[517],"product_tag":[],"class_list":["post-14346","product","type-product","status-publish","has-post-thumbnail","hentry","product_cat-cacerolas-ollas-y-cazos","thunk-woo-product-list","opn-qv-enable","top-store-woo-hover-","top-store-single-product-tab-horizontal","top-store-shadow-","top-store-shadow-hover-"],"_links":{"self":[{"href":"https:\/\/server.idssoft.net\/idsdemo\/wp-json\/wp\/v2\/product\/14346","targetHints":{"allow":["GET"]}}],"collection":[{"href":"https:\/\/server.idssoft.net\/idsdemo\/wp-json\/wp\/v2\/product"}],"about":[{"href":"https:\/\/server.idssoft.net\/idsdemo\/wp-json\/wp\/v2\/types\/product"}],"replies":[{"embeddable":true,"href":"https:\/\/server.idssoft.net\/idsdemo\/wp-json\/wp\/v2\/comments?post=14346"}],"wp:featuredmedia":[{"embeddable":true,"href":"https:\/\/server.idssoft.net\/idsdemo\/wp-json\/wp\/v2\/media\/14345"}],"wp:attachment":[{"href":"https:\/\/server.idssoft.net\/idsdemo\/wp-json\/wp\/v2\/media?parent=14346"}],"wp:term":[{"taxonomy":"product_cat","embeddable":true,"href":"https:\/\/server.idssoft.net\/idsdemo\/wp-json\/wp\/v2\/product_cat?post=14346"},{"taxonomy":"product_tag","embeddable":true,"href":"https:\/\/server.idssoft.net\/idsdemo\/wp-json\/wp\/v2\/product_tag?post=14346"}],"curies":[{"name":"wp","href":"https:\/\/api.w.org\/{rel}","templated":true}]}}