{"id":14351,"date":"2021-06-23T15:06:08","date_gmt":"2021-06-23T15:06:08","guid":{"rendered":"https:\/\/server.idssoft.net\/idsdemo\/producto\/bolsa-isotermica-para-botella-jata-busby-guardia-capacidad-4\/"},"modified":"2021-06-23T15:06:08","modified_gmt":"2021-06-23T15:06:08","slug":"bolsa-isotermica-para-botella-jata-busby-guardia-capacidad-4","status":"publish","type":"product","link":"https:\/\/server.idssoft.net\/idsdemo\/producto\/bolsa-isotermica-para-botella-jata-busby-guardia-capacidad-4\/","title":{"rendered":"BOLSA ISOTERMICA PARA BOTELLA JATA BUSBY GUARDIA CAPACIDAD 4"},"content":{"rendered":"<p>Bolsa t\u00e9rmica porta botella original de dise\u00f1o con ilustraci\u00f3n Busby Guardia, por C\u00e1llate la Boca y material 100% reciclado<\/p>\n<p>.Bolsa t\u00e9rmica para botellas de hasta 2L<br \/>.Material RPET: 100% pl\u00e1stico reciclado<br \/>.Exterior anti-manchas<\/p>\n","protected":false},"excerpt":{"rendered":"<p>Bolsa t\u00e9rmica porta botella original de dise\u00f1o con ilustraci\u00f3n Busby Guardia, por C\u00e1llate la Boca y material 100% reciclado .Bolsa t\u00e9rmica para botellas de hasta 2L.Material RPET: 100% pl\u00e1stico reciclado.Exterior anti-manchas<\/p>\n","protected":false},"featured_media":14349,"comment_status":"open","ping_status":"closed","template":"","meta":[],"product_cat":[512],"product_tag":[],"class_list":["post-14351","product","type-product","status-publish","has-post-thumbnail","hentry","product_cat-neveras","thunk-woo-product-list","opn-qv-enable","top-store-woo-hover-","top-store-single-product-tab-horizontal","top-store-shadow-","top-store-shadow-hover-"],"_links":{"self":[{"href":"https:\/\/server.idssoft.net\/idsdemo\/wp-json\/wp\/v2\/product\/14351","targetHints":{"allow":["GET"]}}],"collection":[{"href":"https:\/\/server.idssoft.net\/idsdemo\/wp-json\/wp\/v2\/product"}],"about":[{"href":"https:\/\/server.idssoft.net\/idsdemo\/wp-json\/wp\/v2\/types\/product"}],"replies":[{"embeddable":true,"href":"https:\/\/server.idssoft.net\/idsdemo\/wp-json\/wp\/v2\/comments?post=14351"}],"wp:featuredmedia":[{"embeddable":true,"href":"https:\/\/server.idssoft.net\/idsdemo\/wp-json\/wp\/v2\/media\/14349"}],"wp:attachment":[{"href":"https:\/\/server.idssoft.net\/idsdemo\/wp-json\/wp\/v2\/media?parent=14351"}],"wp:term":[{"taxonomy":"product_cat","embeddable":true,"href":"https:\/\/server.idssoft.net\/idsdemo\/wp-json\/wp\/v2\/product_cat?post=14351"},{"taxonomy":"product_tag","embeddable":true,"href":"https:\/\/server.idssoft.net\/idsdemo\/wp-json\/wp\/v2\/product_tag?post=14351"}],"curies":[{"name":"wp","href":"https:\/\/api.w.org\/{rel}","templated":true}]}}