{"id":14360,"date":"2021-06-23T15:06:25","date_gmt":"2021-06-23T15:06:25","guid":{"rendered":"https:\/\/server.idssoft.net\/idsdemo\/producto\/smartwatch-sw1800-negro-1-3-pulsometro-ip65-tactil\/"},"modified":"2021-06-23T15:06:25","modified_gmt":"2021-06-23T15:06:25","slug":"smartwatch-sw1800-negro-1-3-pulsometro-ip65-tactil","status":"publish","type":"product","link":"https:\/\/server.idssoft.net\/idsdemo\/producto\/smartwatch-sw1800-negro-1-3-pulsometro-ip65-tactil\/","title":{"rendered":"SMARTWATCH SW1800 NEGRO | 1.3 |  PULSOMETRO | IP65 | TACTIL"},"content":{"rendered":"<p>.Registra con precisi\u00f3n todas las actividades diarias, como las distancias, los pasos, las calor\u00edas quemadas.<br \/>.Recibir llamadas, calendario, SMS y notificaciones SNS en la pantalla.<br \/>.Modos polideportiva<br \/>.Control de la m\u00fasica,<br \/>.A<\/p>\n","protected":false},"excerpt":{"rendered":"<p>.Registra con precisi\u00f3n todas las actividades diarias, como las distancias, los pasos, las calor\u00edas quemadas..Recibir llamadas, calendario, SMS y notificaciones SNS en la pantalla..Modos polideportiva.Control de la m\u00fasica,.A<\/p>\n","protected":false},"featured_media":14358,"comment_status":"open","ping_status":"closed","template":"","meta":[],"product_cat":[492],"product_tag":[],"class_list":["post-14360","product","type-product","status-publish","has-post-thumbnail","hentry","product_cat-smartwatch-pulseras","thunk-woo-product-list","opn-qv-enable","top-store-woo-hover-","top-store-single-product-tab-horizontal","top-store-shadow-","top-store-shadow-hover-"],"_links":{"self":[{"href":"https:\/\/server.idssoft.net\/idsdemo\/wp-json\/wp\/v2\/product\/14360","targetHints":{"allow":["GET"]}}],"collection":[{"href":"https:\/\/server.idssoft.net\/idsdemo\/wp-json\/wp\/v2\/product"}],"about":[{"href":"https:\/\/server.idssoft.net\/idsdemo\/wp-json\/wp\/v2\/types\/product"}],"replies":[{"embeddable":true,"href":"https:\/\/server.idssoft.net\/idsdemo\/wp-json\/wp\/v2\/comments?post=14360"}],"wp:featuredmedia":[{"embeddable":true,"href":"https:\/\/server.idssoft.net\/idsdemo\/wp-json\/wp\/v2\/media\/14358"}],"wp:attachment":[{"href":"https:\/\/server.idssoft.net\/idsdemo\/wp-json\/wp\/v2\/media?parent=14360"}],"wp:term":[{"taxonomy":"product_cat","embeddable":true,"href":"https:\/\/server.idssoft.net\/idsdemo\/wp-json\/wp\/v2\/product_cat?post=14360"},{"taxonomy":"product_tag","embeddable":true,"href":"https:\/\/server.idssoft.net\/idsdemo\/wp-json\/wp\/v2\/product_tag?post=14360"}],"curies":[{"name":"wp","href":"https:\/\/api.w.org\/{rel}","templated":true}]}}