{"id":14372,"date":"2021-06-23T15:06:46","date_gmt":"2021-06-23T15:06:46","guid":{"rendered":"https:\/\/server.idssoft.net\/idsdemo\/producto\/smartwatch-sw2000-silver-1-4-ip68-ecg-pulsometro\/"},"modified":"2021-06-23T15:06:46","modified_gmt":"2021-06-23T15:06:46","slug":"smartwatch-sw2000-silver-1-4-ip68-ecg-pulsometro","status":"publish","type":"product","link":"https:\/\/server.idssoft.net\/idsdemo\/producto\/smartwatch-sw2000-silver-1-4-ip68-ecg-pulsometro\/","title":{"rendered":"SMARTWATCH SW2000 SILVER 1.4 | IP68 | ECG | PULSOMETRO"},"content":{"rendered":"<p>.IP68 impermeable<br \/>.Pantalla HD de ajuste completo de 1.4 pulgadas<br \/>.Ritmo card\u00edaco, ECG, presi\u00f3n arterial, ox\u00edgeno, pod\u00f3metro, cron\u00f3metro, <br \/>.Control de m\u00fasica y c\u00e1mara via Bluetooth<br \/>.Caja de metal de vac\u00edo brillante de aleac<\/p>\n","protected":false},"excerpt":{"rendered":"<p>.IP68 impermeable.Pantalla HD de ajuste completo de 1.4 pulgadas.Ritmo card\u00edaco, ECG, presi\u00f3n arterial, ox\u00edgeno, pod\u00f3metro, cron\u00f3metro, .Control de m\u00fasica y c\u00e1mara via Bluetooth.Caja de metal de vac\u00edo brillante de aleac<\/p>\n","protected":false},"featured_media":14370,"comment_status":"open","ping_status":"closed","template":"","meta":[],"product_cat":[492],"product_tag":[],"class_list":["post-14372","product","type-product","status-publish","has-post-thumbnail","hentry","product_cat-smartwatch-pulseras","thunk-woo-product-list","opn-qv-enable","top-store-woo-hover-","top-store-single-product-tab-horizontal","top-store-shadow-","top-store-shadow-hover-"],"_links":{"self":[{"href":"https:\/\/server.idssoft.net\/idsdemo\/wp-json\/wp\/v2\/product\/14372","targetHints":{"allow":["GET"]}}],"collection":[{"href":"https:\/\/server.idssoft.net\/idsdemo\/wp-json\/wp\/v2\/product"}],"about":[{"href":"https:\/\/server.idssoft.net\/idsdemo\/wp-json\/wp\/v2\/types\/product"}],"replies":[{"embeddable":true,"href":"https:\/\/server.idssoft.net\/idsdemo\/wp-json\/wp\/v2\/comments?post=14372"}],"wp:featuredmedia":[{"embeddable":true,"href":"https:\/\/server.idssoft.net\/idsdemo\/wp-json\/wp\/v2\/media\/14370"}],"wp:attachment":[{"href":"https:\/\/server.idssoft.net\/idsdemo\/wp-json\/wp\/v2\/media?parent=14372"}],"wp:term":[{"taxonomy":"product_cat","embeddable":true,"href":"https:\/\/server.idssoft.net\/idsdemo\/wp-json\/wp\/v2\/product_cat?post=14372"},{"taxonomy":"product_tag","embeddable":true,"href":"https:\/\/server.idssoft.net\/idsdemo\/wp-json\/wp\/v2\/product_tag?post=14372"}],"curies":[{"name":"wp","href":"https:\/\/api.w.org\/{rel}","templated":true}]}}