{"id":14378,"date":"2021-06-23T15:06:57","date_gmt":"2021-06-23T15:06:57","guid":{"rendered":"https:\/\/server.idssoft.net\/idsdemo\/producto\/smartwatch-sw2100-negro-1-54-ip67-pulsometro-tensiom\/"},"modified":"2021-06-23T15:06:57","modified_gmt":"2021-06-23T15:06:57","slug":"smartwatch-sw2100-negro-1-54-ip67-pulsometro-tensiom","status":"publish","type":"product","link":"https:\/\/server.idssoft.net\/idsdemo\/producto\/smartwatch-sw2100-negro-1-54-ip67-pulsometro-tensiom\/","title":{"rendered":"SMARTWATCH SW2100 NEGRO | 1.54 | IP67 | PULSOMETRO | TENSIOM"},"content":{"rendered":"<p>.Reloj de medici\u00f3n de temperatura inteligente<br \/>.Monitoreo de frecuencia card\u00edaca de 24 horas<br \/>.Mida la saturaci\u00f3n de ox\u00edgeno en la sangre en cualquier momento.<br \/>.23 modos deportivos, registros m\u00e1s espec\u00edficos y precisos para medir un<\/p>\n","protected":false},"excerpt":{"rendered":"<p>.Reloj de medici\u00f3n de temperatura inteligente.Monitoreo de frecuencia card\u00edaca de 24 horas.Mida la saturaci\u00f3n de ox\u00edgeno en la sangre en cualquier momento..23 modos deportivos, registros m\u00e1s espec\u00edficos y precisos para medir un<\/p>\n","protected":false},"featured_media":14376,"comment_status":"open","ping_status":"closed","template":"","meta":[],"product_cat":[492],"product_tag":[],"class_list":["post-14378","product","type-product","status-publish","has-post-thumbnail","hentry","product_cat-smartwatch-pulseras","thunk-woo-product-list","opn-qv-enable","top-store-woo-hover-","top-store-single-product-tab-horizontal","top-store-shadow-","top-store-shadow-hover-"],"_links":{"self":[{"href":"https:\/\/server.idssoft.net\/idsdemo\/wp-json\/wp\/v2\/product\/14378","targetHints":{"allow":["GET"]}}],"collection":[{"href":"https:\/\/server.idssoft.net\/idsdemo\/wp-json\/wp\/v2\/product"}],"about":[{"href":"https:\/\/server.idssoft.net\/idsdemo\/wp-json\/wp\/v2\/types\/product"}],"replies":[{"embeddable":true,"href":"https:\/\/server.idssoft.net\/idsdemo\/wp-json\/wp\/v2\/comments?post=14378"}],"wp:featuredmedia":[{"embeddable":true,"href":"https:\/\/server.idssoft.net\/idsdemo\/wp-json\/wp\/v2\/media\/14376"}],"wp:attachment":[{"href":"https:\/\/server.idssoft.net\/idsdemo\/wp-json\/wp\/v2\/media?parent=14378"}],"wp:term":[{"taxonomy":"product_cat","embeddable":true,"href":"https:\/\/server.idssoft.net\/idsdemo\/wp-json\/wp\/v2\/product_cat?post=14378"},{"taxonomy":"product_tag","embeddable":true,"href":"https:\/\/server.idssoft.net\/idsdemo\/wp-json\/wp\/v2\/product_tag?post=14378"}],"curies":[{"name":"wp","href":"https:\/\/api.w.org\/{rel}","templated":true}]}}