{"id":14387,"date":"2021-06-23T15:07:12","date_gmt":"2021-06-23T15:07:12","guid":{"rendered":"https:\/\/server.idssoft.net\/idsdemo\/producto\/smartwatch-sw2400-plata-1-22-tactil-ip68-pulsometro\/"},"modified":"2021-06-23T15:07:12","modified_gmt":"2021-06-23T15:07:12","slug":"smartwatch-sw2400-plata-1-22-tactil-ip68-pulsometro","status":"publish","type":"product","link":"https:\/\/server.idssoft.net\/idsdemo\/producto\/smartwatch-sw2400-plata-1-22-tactil-ip68-pulsometro\/","title":{"rendered":"SMARTWATCH SW2400 PLATA | 1.22 | TACTIL | IP68 | PULSOMETRO"},"content":{"rendered":"<p>.Pantalla: 1,22 pulgadas tactil<br \/>.Bluetooth: 4.2<br \/>.M\u00faltiples modos deportivos<br \/>.Notificaciones de llamadas alertas \/ SMS: Android y IOS )<br \/>.Soporte Multi-dial de conmutaci\u00f3n, el ritmo card\u00edaco, ECG, presi\u00f3n arterial, ox\u00edgeno de la<\/p>\n","protected":false},"excerpt":{"rendered":"<p>.Pantalla: 1,22 pulgadas tactil.Bluetooth: 4.2.M\u00faltiples modos deportivos.Notificaciones de llamadas alertas \/ SMS: Android y IOS ).Soporte Multi-dial de conmutaci\u00f3n, el ritmo card\u00edaco, ECG, presi\u00f3n arterial, ox\u00edgeno de la<\/p>\n","protected":false},"featured_media":14385,"comment_status":"open","ping_status":"closed","template":"","meta":[],"product_cat":[492],"product_tag":[],"class_list":["post-14387","product","type-product","status-publish","has-post-thumbnail","hentry","product_cat-smartwatch-pulseras","thunk-woo-product-list","opn-qv-enable","top-store-woo-hover-","top-store-single-product-tab-horizontal","top-store-shadow-","top-store-shadow-hover-"],"_links":{"self":[{"href":"https:\/\/server.idssoft.net\/idsdemo\/wp-json\/wp\/v2\/product\/14387","targetHints":{"allow":["GET"]}}],"collection":[{"href":"https:\/\/server.idssoft.net\/idsdemo\/wp-json\/wp\/v2\/product"}],"about":[{"href":"https:\/\/server.idssoft.net\/idsdemo\/wp-json\/wp\/v2\/types\/product"}],"replies":[{"embeddable":true,"href":"https:\/\/server.idssoft.net\/idsdemo\/wp-json\/wp\/v2\/comments?post=14387"}],"wp:featuredmedia":[{"embeddable":true,"href":"https:\/\/server.idssoft.net\/idsdemo\/wp-json\/wp\/v2\/media\/14385"}],"wp:attachment":[{"href":"https:\/\/server.idssoft.net\/idsdemo\/wp-json\/wp\/v2\/media?parent=14387"}],"wp:term":[{"taxonomy":"product_cat","embeddable":true,"href":"https:\/\/server.idssoft.net\/idsdemo\/wp-json\/wp\/v2\/product_cat?post=14387"},{"taxonomy":"product_tag","embeddable":true,"href":"https:\/\/server.idssoft.net\/idsdemo\/wp-json\/wp\/v2\/product_tag?post=14387"}],"curies":[{"name":"wp","href":"https:\/\/api.w.org\/{rel}","templated":true}]}}