{"id":14390,"date":"2021-06-23T15:07:18","date_gmt":"2021-06-23T15:07:18","guid":{"rendered":"https:\/\/server.idssoft.net\/idsdemo\/producto\/smartband-pr300-termometro-tensiometro-pulsometro-ip\/"},"modified":"2021-06-23T15:07:18","modified_gmt":"2021-06-23T15:07:18","slug":"smartband-pr300-termometro-tensiometro-pulsometro-ip","status":"publish","type":"product","link":"https:\/\/server.idssoft.net\/idsdemo\/producto\/smartband-pr300-termometro-tensiometro-pulsometro-ip\/","title":{"rendered":"SMARTBAND PR300 | TERMOMETRO | TENSIOMETRO | PULSOMETRO | IP"},"content":{"rendered":"<p>. IP67<br \/>.Notificaciones de apps<br \/>.Control de la temperatura, la monitorizaci\u00f3n de la frecuencia card\u00edaca, control de la presi\u00f3n sangu\u00ednea, el seguimiento de ox\u00edgeno en sangre, el sue\u00f1o monitoreo<br \/>Paso, distancia, calor\u00edas  <\/p>\n","protected":false},"excerpt":{"rendered":"<p>. IP67.Notificaciones de apps.Control de la temperatura, la monitorizaci\u00f3n de la frecuencia card\u00edaca, control de la presi\u00f3n sangu\u00ednea, el seguimiento de ox\u00edgeno en sangre, el sue\u00f1o monitoreoPaso, distancia, calor\u00edas<\/p>\n","protected":false},"featured_media":14388,"comment_status":"open","ping_status":"closed","template":"","meta":[],"product_cat":[492],"product_tag":[],"class_list":["post-14390","product","type-product","status-publish","has-post-thumbnail","hentry","product_cat-smartwatch-pulseras","thunk-woo-product-list","opn-qv-enable","top-store-woo-hover-","top-store-single-product-tab-horizontal","top-store-shadow-","top-store-shadow-hover-"],"_links":{"self":[{"href":"https:\/\/server.idssoft.net\/idsdemo\/wp-json\/wp\/v2\/product\/14390","targetHints":{"allow":["GET"]}}],"collection":[{"href":"https:\/\/server.idssoft.net\/idsdemo\/wp-json\/wp\/v2\/product"}],"about":[{"href":"https:\/\/server.idssoft.net\/idsdemo\/wp-json\/wp\/v2\/types\/product"}],"replies":[{"embeddable":true,"href":"https:\/\/server.idssoft.net\/idsdemo\/wp-json\/wp\/v2\/comments?post=14390"}],"wp:featuredmedia":[{"embeddable":true,"href":"https:\/\/server.idssoft.net\/idsdemo\/wp-json\/wp\/v2\/media\/14388"}],"wp:attachment":[{"href":"https:\/\/server.idssoft.net\/idsdemo\/wp-json\/wp\/v2\/media?parent=14390"}],"wp:term":[{"taxonomy":"product_cat","embeddable":true,"href":"https:\/\/server.idssoft.net\/idsdemo\/wp-json\/wp\/v2\/product_cat?post=14390"},{"taxonomy":"product_tag","embeddable":true,"href":"https:\/\/server.idssoft.net\/idsdemo\/wp-json\/wp\/v2\/product_tag?post=14390"}],"curies":[{"name":"wp","href":"https:\/\/api.w.org\/{rel}","templated":true}]}}