{"id":14392,"date":"2021-06-23T15:07:22","date_gmt":"2021-06-23T15:07:22","guid":{"rendered":"https:\/\/server.idssoft.net\/idsdemo\/producto\/smartband-pr400-negro-pulsometro-tensiometro-ip67\/"},"modified":"2021-06-23T15:07:22","modified_gmt":"2021-06-23T15:07:22","slug":"smartband-pr400-negro-pulsometro-tensiometro-ip67","status":"publish","type":"product","link":"https:\/\/server.idssoft.net\/idsdemo\/producto\/smartband-pr400-negro-pulsometro-tensiometro-ip67\/","title":{"rendered":"SMARTBAND PR400 NEGRO | PULSOMETRO | TENSIOMETRO | IP67"},"content":{"rendered":"<p>.Bluetooth: 4.0 <br \/>. IP67 <br \/>.Detecci\u00f3n de la frecuencia del coraz\u00f3n, la detecci\u00f3n de ECG, la detecci\u00f3n de la presi\u00f3n arterial (monitorizaci\u00f3n de la frecuencia card\u00edaca)<br \/>.Monitoreo del sue\u00f1o (tiempo de sue\u00f1o, la calidad del sue\u00f1o, el<\/p>\n","protected":false},"excerpt":{"rendered":"<p>.Bluetooth: 4.0 . IP67 .Detecci\u00f3n de la frecuencia del coraz\u00f3n, la detecci\u00f3n de ECG, la detecci\u00f3n de la presi\u00f3n arterial (monitorizaci\u00f3n de la frecuencia card\u00edaca).Monitoreo del sue\u00f1o (tiempo de sue\u00f1o, la calidad del sue\u00f1o, el<\/p>\n","protected":false},"featured_media":14391,"comment_status":"open","ping_status":"closed","template":"","meta":[],"product_cat":[492],"product_tag":[],"class_list":["post-14392","product","type-product","status-publish","has-post-thumbnail","hentry","product_cat-smartwatch-pulseras","thunk-woo-product-list","opn-qv-enable","top-store-woo-hover-","top-store-single-product-tab-horizontal","top-store-shadow-","top-store-shadow-hover-"],"_links":{"self":[{"href":"https:\/\/server.idssoft.net\/idsdemo\/wp-json\/wp\/v2\/product\/14392","targetHints":{"allow":["GET"]}}],"collection":[{"href":"https:\/\/server.idssoft.net\/idsdemo\/wp-json\/wp\/v2\/product"}],"about":[{"href":"https:\/\/server.idssoft.net\/idsdemo\/wp-json\/wp\/v2\/types\/product"}],"replies":[{"embeddable":true,"href":"https:\/\/server.idssoft.net\/idsdemo\/wp-json\/wp\/v2\/comments?post=14392"}],"wp:featuredmedia":[{"embeddable":true,"href":"https:\/\/server.idssoft.net\/idsdemo\/wp-json\/wp\/v2\/media\/14391"}],"wp:attachment":[{"href":"https:\/\/server.idssoft.net\/idsdemo\/wp-json\/wp\/v2\/media?parent=14392"}],"wp:term":[{"taxonomy":"product_cat","embeddable":true,"href":"https:\/\/server.idssoft.net\/idsdemo\/wp-json\/wp\/v2\/product_cat?post=14392"},{"taxonomy":"product_tag","embeddable":true,"href":"https:\/\/server.idssoft.net\/idsdemo\/wp-json\/wp\/v2\/product_tag?post=14392"}],"curies":[{"name":"wp","href":"https:\/\/api.w.org\/{rel}","templated":true}]}}