{"id":14395,"date":"2021-06-23T15:07:27","date_gmt":"2021-06-23T15:07:27","guid":{"rendered":"https:\/\/server.idssoft.net\/idsdemo\/producto\/smartwatch-sw2500-tensiometro-1-3-ip67-pulsometro-e\/"},"modified":"2021-06-23T15:07:27","modified_gmt":"2021-06-23T15:07:27","slug":"smartwatch-sw2500-tensiometro-1-3-ip67-pulsometro-e","status":"publish","type":"product","link":"https:\/\/server.idssoft.net\/idsdemo\/producto\/smartwatch-sw2500-tensiometro-1-3-ip67-pulsometro-e\/","title":{"rendered":"SMARTWATCH SW2500 |TENSIOMETRO | 1.3 | IP67 | PULSOMETRO | E"},"content":{"rendered":"<p>.Pantalla a color IPS de 1,3 pulgadas 240 * 240<br \/>.Carcasa frontal metalica y carcasa posterior: acero inoxidable <br \/>.Monitoreo del ritmo card\u00edaco y la presi\u00f3n arterial, atenci\u00f3n remota (compartir datos en tiempo real con las familias), pod\u00f3me<\/p>\n","protected":false},"excerpt":{"rendered":"<p>.Pantalla a color IPS de 1,3 pulgadas 240 * 240.Carcasa frontal metalica y carcasa posterior: acero inoxidable .Monitoreo del ritmo card\u00edaco y la presi\u00f3n arterial, atenci\u00f3n remota (compartir datos en tiempo real con las familias), pod\u00f3me<\/p>\n","protected":false},"featured_media":14393,"comment_status":"open","ping_status":"closed","template":"","meta":[],"product_cat":[492],"product_tag":[],"class_list":["post-14395","product","type-product","status-publish","has-post-thumbnail","hentry","product_cat-smartwatch-pulseras","thunk-woo-product-list","opn-qv-enable","top-store-woo-hover-","top-store-single-product-tab-horizontal","top-store-shadow-","top-store-shadow-hover-"],"_links":{"self":[{"href":"https:\/\/server.idssoft.net\/idsdemo\/wp-json\/wp\/v2\/product\/14395","targetHints":{"allow":["GET"]}}],"collection":[{"href":"https:\/\/server.idssoft.net\/idsdemo\/wp-json\/wp\/v2\/product"}],"about":[{"href":"https:\/\/server.idssoft.net\/idsdemo\/wp-json\/wp\/v2\/types\/product"}],"replies":[{"embeddable":true,"href":"https:\/\/server.idssoft.net\/idsdemo\/wp-json\/wp\/v2\/comments?post=14395"}],"wp:featuredmedia":[{"embeddable":true,"href":"https:\/\/server.idssoft.net\/idsdemo\/wp-json\/wp\/v2\/media\/14393"}],"wp:attachment":[{"href":"https:\/\/server.idssoft.net\/idsdemo\/wp-json\/wp\/v2\/media?parent=14395"}],"wp:term":[{"taxonomy":"product_cat","embeddable":true,"href":"https:\/\/server.idssoft.net\/idsdemo\/wp-json\/wp\/v2\/product_cat?post=14395"},{"taxonomy":"product_tag","embeddable":true,"href":"https:\/\/server.idssoft.net\/idsdemo\/wp-json\/wp\/v2\/product_tag?post=14395"}],"curies":[{"name":"wp","href":"https:\/\/api.w.org\/{rel}","templated":true}]}}