{"id":14401,"date":"2021-06-23T15:07:38","date_gmt":"2021-06-23T15:07:38","guid":{"rendered":"https:\/\/server.idssoft.net\/idsdemo\/producto\/funda-para-tablet-10-soporte-vertical-costuras-reforzada\/"},"modified":"2021-06-23T15:07:38","modified_gmt":"2021-06-23T15:07:38","slug":"funda-para-tablet-10-soporte-vertical-costuras-reforzada","status":"publish","type":"product","link":"https:\/\/server.idssoft.net\/idsdemo\/producto\/funda-para-tablet-10-soporte-vertical-costuras-reforzada\/","title":{"rendered":"FUNDA PARA TABLET 10 | SOPORTE VERTICAL | COSTURAS REFORZADA"},"content":{"rendered":"<p>Funda para tablet de 10? con costura reforzada y acabado robusto. Incluye\u00ad soporte graduable f\u00e1cil de insertar y extraer para una mejor fi\u00adjaci\u00f3n del tablet, soporte vertical para una mejor lectura y seguro magn\u00e9tico para prevenir ca\u00eddas. \u00ad La<\/p>\n","protected":false},"excerpt":{"rendered":"<p>Funda para tablet de 10? con costura reforzada y acabado robusto. Incluye\u00ad soporte graduable f\u00e1cil de insertar y extraer para una mejor fi\u00adjaci\u00f3n del tablet, soporte vertical para una mejor lectura y seguro magn\u00e9tico para prevenir ca\u00eddas. \u00ad La<\/p>\n","protected":false},"featured_media":14399,"comment_status":"open","ping_status":"closed","template":"","meta":[],"product_cat":[494],"product_tag":[],"class_list":["post-14401","product","type-product","status-publish","has-post-thumbnail","hentry","product_cat-accesorios-tablets","thunk-woo-product-list","opn-qv-enable","top-store-woo-hover-","top-store-single-product-tab-horizontal","top-store-shadow-","top-store-shadow-hover-"],"_links":{"self":[{"href":"https:\/\/server.idssoft.net\/idsdemo\/wp-json\/wp\/v2\/product\/14401","targetHints":{"allow":["GET"]}}],"collection":[{"href":"https:\/\/server.idssoft.net\/idsdemo\/wp-json\/wp\/v2\/product"}],"about":[{"href":"https:\/\/server.idssoft.net\/idsdemo\/wp-json\/wp\/v2\/types\/product"}],"replies":[{"embeddable":true,"href":"https:\/\/server.idssoft.net\/idsdemo\/wp-json\/wp\/v2\/comments?post=14401"}],"wp:featuredmedia":[{"embeddable":true,"href":"https:\/\/server.idssoft.net\/idsdemo\/wp-json\/wp\/v2\/media\/14399"}],"wp:attachment":[{"href":"https:\/\/server.idssoft.net\/idsdemo\/wp-json\/wp\/v2\/media?parent=14401"}],"wp:term":[{"taxonomy":"product_cat","embeddable":true,"href":"https:\/\/server.idssoft.net\/idsdemo\/wp-json\/wp\/v2\/product_cat?post=14401"},{"taxonomy":"product_tag","embeddable":true,"href":"https:\/\/server.idssoft.net\/idsdemo\/wp-json\/wp\/v2\/product_tag?post=14401"}],"curies":[{"name":"wp","href":"https:\/\/api.w.org\/{rel}","templated":true}]}}