{"id":14407,"date":"2021-06-23T15:07:48","date_gmt":"2021-06-23T15:07:48","guid":{"rendered":"https:\/\/server.idssoft.net\/idsdemo\/producto\/webcam-con-microfono-full-hd-1080p-tyro-enfoque-auto-tri\/"},"modified":"2021-06-23T15:07:48","modified_gmt":"2021-06-23T15:07:48","slug":"webcam-con-microfono-full-hd-1080p-tyro-enfoque-auto-tri","status":"publish","type":"product","link":"https:\/\/server.idssoft.net\/idsdemo\/producto\/webcam-con-microfono-full-hd-1080p-tyro-enfoque-auto-tri\/","title":{"rendered":"WEBCAM CON MICROFONO FULL HD 1080P TYRO | ENFOQUE AUTO | TRI"},"content":{"rendered":"<p>Teleconferencias c\u00f3modas<br \/>\u00bfSe imagina no tener que sufrir m\u00e1s teleconferencias inc\u00f3modas, con poca iluminaci\u00f3n y sonido distorsionado? En este momento en el que desea poder conectarse de la mejor manera posible a trav\u00e9s de v\u00eddeo, la c\u00e1mara<\/p>\n","protected":false},"excerpt":{"rendered":"<p>Teleconferencias c\u00f3modas\u00bfSe imagina no tener que sufrir m\u00e1s teleconferencias inc\u00f3modas, con poca iluminaci\u00f3n y sonido distorsionado? En este momento en el que desea poder conectarse de la mejor manera posible a trav\u00e9s de v\u00eddeo, la c\u00e1mara<\/p>\n","protected":false},"featured_media":14405,"comment_status":"open","ping_status":"closed","template":"","meta":[],"product_cat":[569],"product_tag":[],"class_list":["post-14407","product","type-product","status-publish","has-post-thumbnail","hentry","product_cat-webcams","thunk-woo-product-list","opn-qv-enable","top-store-woo-hover-","top-store-single-product-tab-horizontal","top-store-shadow-","top-store-shadow-hover-"],"_links":{"self":[{"href":"https:\/\/server.idssoft.net\/idsdemo\/wp-json\/wp\/v2\/product\/14407","targetHints":{"allow":["GET"]}}],"collection":[{"href":"https:\/\/server.idssoft.net\/idsdemo\/wp-json\/wp\/v2\/product"}],"about":[{"href":"https:\/\/server.idssoft.net\/idsdemo\/wp-json\/wp\/v2\/types\/product"}],"replies":[{"embeddable":true,"href":"https:\/\/server.idssoft.net\/idsdemo\/wp-json\/wp\/v2\/comments?post=14407"}],"wp:featuredmedia":[{"embeddable":true,"href":"https:\/\/server.idssoft.net\/idsdemo\/wp-json\/wp\/v2\/media\/14405"}],"wp:attachment":[{"href":"https:\/\/server.idssoft.net\/idsdemo\/wp-json\/wp\/v2\/media?parent=14407"}],"wp:term":[{"taxonomy":"product_cat","embeddable":true,"href":"https:\/\/server.idssoft.net\/idsdemo\/wp-json\/wp\/v2\/product_cat?post=14407"},{"taxonomy":"product_tag","embeddable":true,"href":"https:\/\/server.idssoft.net\/idsdemo\/wp-json\/wp\/v2\/product_tag?post=14407"}],"curies":[{"name":"wp","href":"https:\/\/api.w.org\/{rel}","templated":true}]}}