{"id":14415,"date":"2021-06-23T15:08:05","date_gmt":"2021-06-23T15:08:05","guid":{"rendered":"https:\/\/server.idssoft.net\/idsdemo\/producto\/horno-de-conveccion-orbegozo-hot-306-1500w-30l\/"},"modified":"2021-06-23T15:08:05","modified_gmt":"2021-06-23T15:08:05","slug":"horno-de-conveccion-orbegozo-hot-306-1500w-30l","status":"publish","type":"product","link":"https:\/\/server.idssoft.net\/idsdemo\/producto\/horno-de-conveccion-orbegozo-hot-306-1500w-30l\/","title":{"rendered":"HORNO DE CONVECCION ORBEGOZO HOT 306 | 1500W | 30L"},"content":{"rendered":"<p>.Potencia: 1500 W.<br \/>.Capacidad: 30 L.<br \/>.Con funci\u00f3n convecci\u00f3n para una distribuci\u00f3n uniforme del calor.<br \/>.6 modos de funcionamiento.<br \/>.Luz interior.<br \/>.Termostato regulable desde 100 \u00b0C hasta 230 \u00b0C.<br \/>.Temporizador de 60 min. co<\/p>\n","protected":false},"excerpt":{"rendered":"<p>.Potencia: 1500 W..Capacidad: 30 L..Con funci\u00f3n convecci\u00f3n para una distribuci\u00f3n uniforme del calor..6 modos de funcionamiento..Luz interior..Termostato regulable desde 100 \u00b0C hasta 230 \u00b0C..Temporizador de 60 min. co<\/p>\n","protected":false},"featured_media":14414,"comment_status":"open","ping_status":"closed","template":"","meta":[],"product_cat":[577],"product_tag":[],"class_list":["post-14415","product","type-product","status-publish","has-post-thumbnail","hentry","product_cat-hornos-microondas","thunk-woo-product-list","opn-qv-enable","top-store-woo-hover-","top-store-single-product-tab-horizontal","top-store-shadow-","top-store-shadow-hover-"],"_links":{"self":[{"href":"https:\/\/server.idssoft.net\/idsdemo\/wp-json\/wp\/v2\/product\/14415","targetHints":{"allow":["GET"]}}],"collection":[{"href":"https:\/\/server.idssoft.net\/idsdemo\/wp-json\/wp\/v2\/product"}],"about":[{"href":"https:\/\/server.idssoft.net\/idsdemo\/wp-json\/wp\/v2\/types\/product"}],"replies":[{"embeddable":true,"href":"https:\/\/server.idssoft.net\/idsdemo\/wp-json\/wp\/v2\/comments?post=14415"}],"wp:featuredmedia":[{"embeddable":true,"href":"https:\/\/server.idssoft.net\/idsdemo\/wp-json\/wp\/v2\/media\/14414"}],"wp:attachment":[{"href":"https:\/\/server.idssoft.net\/idsdemo\/wp-json\/wp\/v2\/media?parent=14415"}],"wp:term":[{"taxonomy":"product_cat","embeddable":true,"href":"https:\/\/server.idssoft.net\/idsdemo\/wp-json\/wp\/v2\/product_cat?post=14415"},{"taxonomy":"product_tag","embeddable":true,"href":"https:\/\/server.idssoft.net\/idsdemo\/wp-json\/wp\/v2\/product_tag?post=14415"}],"curies":[{"name":"wp","href":"https:\/\/api.w.org\/{rel}","templated":true}]}}