{"id":14420,"date":"2021-06-23T15:08:15","date_gmt":"2021-06-23T15:08:15","guid":{"rendered":"https:\/\/server.idssoft.net\/idsdemo\/producto\/tensiometro-de-brazo-braun-exactfit-3\/"},"modified":"2021-06-23T15:08:15","modified_gmt":"2021-06-23T15:08:15","slug":"tensiometro-de-brazo-braun-exactfit-3","status":"publish","type":"product","link":"https:\/\/server.idssoft.net\/idsdemo\/producto\/tensiometro-de-brazo-braun-exactfit-3\/","title":{"rendered":"TENSIOMETRO DE BRAZO BRAUN EXACTFIT 3"},"content":{"rendered":"<p>El tensi\u00f3metro de brazo Braun ExactFitT 3 es f\u00e1cil de usar y ofrece una monitorizaci\u00f3n c\u00f3moda y precisa. Con una precisi\u00f3n profesional y un indicador de nivel de presi\u00f3n arterial codificado por colores, ofrece una interpretaci\u00f3n r\u00e1pida y senci<\/p>\n","protected":false},"excerpt":{"rendered":"<p>El tensi\u00f3metro de brazo Braun ExactFitT 3 es f\u00e1cil de usar y ofrece una monitorizaci\u00f3n c\u00f3moda y precisa. Con una precisi\u00f3n profesional y un indicador de nivel de presi\u00f3n arterial codificado por colores, ofrece una interpretaci\u00f3n r\u00e1pida y senci<\/p>\n","protected":false},"featured_media":14418,"comment_status":"open","ping_status":"closed","template":"","meta":[],"product_cat":[558],"product_tag":[],"class_list":["post-14420","product","type-product","status-publish","has-post-thumbnail","hentry","product_cat-tensiometros-y-pulsioximetros","thunk-woo-product-list","opn-qv-enable","top-store-woo-hover-","top-store-single-product-tab-horizontal","top-store-shadow-","top-store-shadow-hover-"],"_links":{"self":[{"href":"https:\/\/server.idssoft.net\/idsdemo\/wp-json\/wp\/v2\/product\/14420","targetHints":{"allow":["GET"]}}],"collection":[{"href":"https:\/\/server.idssoft.net\/idsdemo\/wp-json\/wp\/v2\/product"}],"about":[{"href":"https:\/\/server.idssoft.net\/idsdemo\/wp-json\/wp\/v2\/types\/product"}],"replies":[{"embeddable":true,"href":"https:\/\/server.idssoft.net\/idsdemo\/wp-json\/wp\/v2\/comments?post=14420"}],"wp:featuredmedia":[{"embeddable":true,"href":"https:\/\/server.idssoft.net\/idsdemo\/wp-json\/wp\/v2\/media\/14418"}],"wp:attachment":[{"href":"https:\/\/server.idssoft.net\/idsdemo\/wp-json\/wp\/v2\/media?parent=14420"}],"wp:term":[{"taxonomy":"product_cat","embeddable":true,"href":"https:\/\/server.idssoft.net\/idsdemo\/wp-json\/wp\/v2\/product_cat?post=14420"},{"taxonomy":"product_tag","embeddable":true,"href":"https:\/\/server.idssoft.net\/idsdemo\/wp-json\/wp\/v2\/product_tag?post=14420"}],"curies":[{"name":"wp","href":"https:\/\/api.w.org\/{rel}","templated":true}]}}