{"id":14426,"date":"2021-06-23T15:08:26","date_gmt":"2021-06-23T15:08:26","guid":{"rendered":"https:\/\/server.idssoft.net\/idsdemo\/producto\/altavoz-bluetooth-boombastic-2-en-1-10w-coolsound\/"},"modified":"2021-06-23T15:08:26","modified_gmt":"2021-06-23T15:08:26","slug":"altavoz-bluetooth-boombastic-2-en-1-10w-coolsound","status":"publish","type":"product","link":"https:\/\/server.idssoft.net\/idsdemo\/producto\/altavoz-bluetooth-boombastic-2-en-1-10w-coolsound\/","title":{"rendered":"ALTAVOZ BLUETOOTH BOOMBASTIC 2 EN 1 10W COOLSOUND"},"content":{"rendered":"<p>&#8211; Potencia:  2 X 5W | 10W<br \/>&#8211; Sep\u00e1ralos para obtener la mejor calidad de sonido<br \/>&#8211; Funcion TWS (True Wireless Stereo): es una tecnolog\u00eda que permite emparejar dos dispositivos de audio a trav\u00e9s de la conexi\u00f3n Bluetooth; y de esta manera pod<\/p>\n","protected":false},"excerpt":{"rendered":"<p>&#8211; Potencia: 2 X 5W | 10W&#8211; Sep\u00e1ralos para obtener la mejor calidad de sonido&#8211; Funcion TWS (True Wireless Stereo): es una tecnolog\u00eda que permite emparejar dos dispositivos de audio a trav\u00e9s de la conexi\u00f3n Bluetooth; y de esta manera pod<\/p>\n","protected":false},"featured_media":14424,"comment_status":"open","ping_status":"closed","template":"","meta":[],"product_cat":[472],"product_tag":[],"class_list":["post-14426","product","type-product","status-publish","has-post-thumbnail","hentry","product_cat-altavoces-bluetooth","thunk-woo-product-list","opn-qv-enable","top-store-woo-hover-","top-store-single-product-tab-horizontal","top-store-shadow-","top-store-shadow-hover-"],"_links":{"self":[{"href":"https:\/\/server.idssoft.net\/idsdemo\/wp-json\/wp\/v2\/product\/14426","targetHints":{"allow":["GET"]}}],"collection":[{"href":"https:\/\/server.idssoft.net\/idsdemo\/wp-json\/wp\/v2\/product"}],"about":[{"href":"https:\/\/server.idssoft.net\/idsdemo\/wp-json\/wp\/v2\/types\/product"}],"replies":[{"embeddable":true,"href":"https:\/\/server.idssoft.net\/idsdemo\/wp-json\/wp\/v2\/comments?post=14426"}],"wp:featuredmedia":[{"embeddable":true,"href":"https:\/\/server.idssoft.net\/idsdemo\/wp-json\/wp\/v2\/media\/14424"}],"wp:attachment":[{"href":"https:\/\/server.idssoft.net\/idsdemo\/wp-json\/wp\/v2\/media?parent=14426"}],"wp:term":[{"taxonomy":"product_cat","embeddable":true,"href":"https:\/\/server.idssoft.net\/idsdemo\/wp-json\/wp\/v2\/product_cat?post=14426"},{"taxonomy":"product_tag","embeddable":true,"href":"https:\/\/server.idssoft.net\/idsdemo\/wp-json\/wp\/v2\/product_tag?post=14426"}],"curies":[{"name":"wp","href":"https:\/\/api.w.org\/{rel}","templated":true}]}}