{"id":14447,"date":"2021-06-23T15:09:02","date_gmt":"2021-06-23T15:09:02","guid":{"rendered":"https:\/\/server.idssoft.net\/idsdemo\/producto\/tarta-dos-pisos-madera-con-porciones-y-velas\/"},"modified":"2021-06-23T15:09:02","modified_gmt":"2021-06-23T15:09:02","slug":"tarta-dos-pisos-madera-con-porciones-y-velas","status":"publish","type":"product","link":"https:\/\/server.idssoft.net\/idsdemo\/producto\/tarta-dos-pisos-madera-con-porciones-y-velas\/","title":{"rendered":"TARTA DOS PISOS MADERA CON PORCIONES Y VELAS"},"content":{"rendered":"<p>Cumplea\u00f1os feliz, &#8230;y una tarta de nata. Muchas piezas de encajar (fresas, peras, uvas y tambi\u00e9n velas) convierten esta tarta en un desaf\u00edo para la motricidad de las manos. Incl. plato de tarta, cuchillo, tenedor y paleta de madera.<\/p>\n<p>.Di<\/p>\n","protected":false},"excerpt":{"rendered":"<p>Cumplea\u00f1os feliz, &#8230;y una tarta de nata. Muchas piezas de encajar (fresas, peras, uvas y tambi\u00e9n velas) convierten esta tarta en un desaf\u00edo para la motricidad de las manos. Incl. plato de tarta, cuchillo, tenedor y paleta de madera. .Di<\/p>\n","protected":false},"featured_media":14445,"comment_status":"open","ping_status":"closed","template":"","meta":[],"product_cat":[464],"product_tag":[],"class_list":["post-14447","product","type-product","status-publish","has-post-thumbnail","hentry","product_cat-juguetes-de-madera","thunk-woo-product-list","opn-qv-enable","top-store-woo-hover-","top-store-single-product-tab-horizontal","top-store-shadow-","top-store-shadow-hover-"],"_links":{"self":[{"href":"https:\/\/server.idssoft.net\/idsdemo\/wp-json\/wp\/v2\/product\/14447","targetHints":{"allow":["GET"]}}],"collection":[{"href":"https:\/\/server.idssoft.net\/idsdemo\/wp-json\/wp\/v2\/product"}],"about":[{"href":"https:\/\/server.idssoft.net\/idsdemo\/wp-json\/wp\/v2\/types\/product"}],"replies":[{"embeddable":true,"href":"https:\/\/server.idssoft.net\/idsdemo\/wp-json\/wp\/v2\/comments?post=14447"}],"wp:featuredmedia":[{"embeddable":true,"href":"https:\/\/server.idssoft.net\/idsdemo\/wp-json\/wp\/v2\/media\/14445"}],"wp:attachment":[{"href":"https:\/\/server.idssoft.net\/idsdemo\/wp-json\/wp\/v2\/media?parent=14447"}],"wp:term":[{"taxonomy":"product_cat","embeddable":true,"href":"https:\/\/server.idssoft.net\/idsdemo\/wp-json\/wp\/v2\/product_cat?post=14447"},{"taxonomy":"product_tag","embeddable":true,"href":"https:\/\/server.idssoft.net\/idsdemo\/wp-json\/wp\/v2\/product_tag?post=14447"}],"curies":[{"name":"wp","href":"https:\/\/api.w.org\/{rel}","templated":true}]}}