{"id":14450,"date":"2021-06-23T15:09:07","date_gmt":"2021-06-23T15:09:07","guid":{"rendered":"https:\/\/server.idssoft.net\/idsdemo\/producto\/caja-de-herramientas-y-banco-de-trabajo-2-en-1\/"},"modified":"2021-06-23T15:09:07","modified_gmt":"2021-06-23T15:09:07","slug":"caja-de-herramientas-y-banco-de-trabajo-2-en-1","status":"publish","type":"product","link":"https:\/\/server.idssoft.net\/idsdemo\/producto\/caja-de-herramientas-y-banco-de-trabajo-2-en-1\/","title":{"rendered":"CAJA DE HERRAMIENTAS Y BANCO DE TRABAJO 2 EN 1"},"content":{"rendered":"<p>\u00a1Aqu\u00ed que se aserra, martilla y atornilla! El colorido banco de trabajo se convierte en una caja de herramientas en un abrir y cerrar de ojos, de modo que todas las herramientas de madera ligera se pueden guardar r\u00e1pida y f\u00e1cilmente despu\u00e9s de su<\/p>\n","protected":false},"excerpt":{"rendered":"<p>\u00a1Aqu\u00ed que se aserra, martilla y atornilla! El colorido banco de trabajo se convierte en una caja de herramientas en un abrir y cerrar de ojos, de modo que todas las herramientas de madera ligera se pueden guardar r\u00e1pida y f\u00e1cilmente despu\u00e9s de su<\/p>\n","protected":false},"featured_media":14448,"comment_status":"open","ping_status":"closed","template":"","meta":[],"product_cat":[464],"product_tag":[],"class_list":["post-14450","product","type-product","status-publish","has-post-thumbnail","hentry","product_cat-juguetes-de-madera","thunk-woo-product-list","opn-qv-enable","top-store-woo-hover-","top-store-single-product-tab-horizontal","top-store-shadow-","top-store-shadow-hover-"],"_links":{"self":[{"href":"https:\/\/server.idssoft.net\/idsdemo\/wp-json\/wp\/v2\/product\/14450","targetHints":{"allow":["GET"]}}],"collection":[{"href":"https:\/\/server.idssoft.net\/idsdemo\/wp-json\/wp\/v2\/product"}],"about":[{"href":"https:\/\/server.idssoft.net\/idsdemo\/wp-json\/wp\/v2\/types\/product"}],"replies":[{"embeddable":true,"href":"https:\/\/server.idssoft.net\/idsdemo\/wp-json\/wp\/v2\/comments?post=14450"}],"wp:featuredmedia":[{"embeddable":true,"href":"https:\/\/server.idssoft.net\/idsdemo\/wp-json\/wp\/v2\/media\/14448"}],"wp:attachment":[{"href":"https:\/\/server.idssoft.net\/idsdemo\/wp-json\/wp\/v2\/media?parent=14450"}],"wp:term":[{"taxonomy":"product_cat","embeddable":true,"href":"https:\/\/server.idssoft.net\/idsdemo\/wp-json\/wp\/v2\/product_cat?post=14450"},{"taxonomy":"product_tag","embeddable":true,"href":"https:\/\/server.idssoft.net\/idsdemo\/wp-json\/wp\/v2\/product_tag?post=14450"}],"curies":[{"name":"wp","href":"https:\/\/api.w.org\/{rel}","templated":true}]}}