{"id":14456,"date":"2021-06-23T15:09:18","date_gmt":"2021-06-23T15:09:18","guid":{"rendered":"https:\/\/server.idssoft.net\/idsdemo\/producto\/familia-munecos-flexibles\/"},"modified":"2021-06-23T15:09:18","modified_gmt":"2021-06-23T15:09:18","slug":"familia-munecos-flexibles","status":"publish","type":"product","link":"https:\/\/server.idssoft.net\/idsdemo\/producto\/familia-munecos-flexibles\/","title":{"rendered":"FAMILIA MU\u00d1ECOS FLEXIBLES"},"content":{"rendered":"<p>\u00a1La familia de cuatro mu\u00f1ecos flxibles est\u00e1 esperando a su pr\u00f3ximo compa\u00f1ero de juego! \u00bfEn qu\u00e9 casa de mu\u00f1ecas se les permite instalarse? Gracias a sus extremidades flexibles, pueden ser colocados f\u00e1cilmente en sillas o sof\u00e1s sin caerse. Mam<\/p>\n","protected":false},"excerpt":{"rendered":"<p>\u00a1La familia de cuatro mu\u00f1ecos flxibles est\u00e1 esperando a su pr\u00f3ximo compa\u00f1ero de juego! \u00bfEn qu\u00e9 casa de mu\u00f1ecas se les permite instalarse? Gracias a sus extremidades flexibles, pueden ser colocados f\u00e1cilmente en sillas o sof\u00e1s sin caerse. Mam<\/p>\n","protected":false},"featured_media":14454,"comment_status":"open","ping_status":"closed","template":"","meta":[],"product_cat":[465],"product_tag":[],"class_list":["post-14456","product","type-product","status-publish","has-post-thumbnail","hentry","product_cat-muecos","thunk-woo-product-list","opn-qv-enable","top-store-woo-hover-","top-store-single-product-tab-horizontal","top-store-shadow-","top-store-shadow-hover-"],"_links":{"self":[{"href":"https:\/\/server.idssoft.net\/idsdemo\/wp-json\/wp\/v2\/product\/14456","targetHints":{"allow":["GET"]}}],"collection":[{"href":"https:\/\/server.idssoft.net\/idsdemo\/wp-json\/wp\/v2\/product"}],"about":[{"href":"https:\/\/server.idssoft.net\/idsdemo\/wp-json\/wp\/v2\/types\/product"}],"replies":[{"embeddable":true,"href":"https:\/\/server.idssoft.net\/idsdemo\/wp-json\/wp\/v2\/comments?post=14456"}],"wp:featuredmedia":[{"embeddable":true,"href":"https:\/\/server.idssoft.net\/idsdemo\/wp-json\/wp\/v2\/media\/14454"}],"wp:attachment":[{"href":"https:\/\/server.idssoft.net\/idsdemo\/wp-json\/wp\/v2\/media?parent=14456"}],"wp:term":[{"taxonomy":"product_cat","embeddable":true,"href":"https:\/\/server.idssoft.net\/idsdemo\/wp-json\/wp\/v2\/product_cat?post=14456"},{"taxonomy":"product_tag","embeddable":true,"href":"https:\/\/server.idssoft.net\/idsdemo\/wp-json\/wp\/v2\/product_tag?post=14456"}],"curies":[{"name":"wp","href":"https:\/\/api.w.org\/{rel}","templated":true}]}}