{"id":14463,"date":"2021-06-23T15:09:29","date_gmt":"2021-06-23T15:09:29","guid":{"rendered":"https:\/\/server.idssoft.net\/idsdemo\/producto\/casa-de-juegos-supermercado-con-accesorios\/"},"modified":"2021-06-23T15:09:29","modified_gmt":"2021-06-23T15:09:29","slug":"casa-de-juegos-supermercado-con-accesorios","status":"publish","type":"product","link":"https:\/\/server.idssoft.net\/idsdemo\/producto\/casa-de-juegos-supermercado-con-accesorios\/","title":{"rendered":"CASA DE JUEGOS SUPERMERCADO CON ACCESORIOS"},"content":{"rendered":"<p>Hay que hacer la compra de la semana! En este supermercado encontr\u00e1s todo lo que peque\u00f1as y grandes familias necesitan. Leche, frutas y tambi\u00e9n chocolate. Aqu\u00ed se reunen familias, vecinos y amigo para disfrutar de la compra<\/p>\n<p>.Dimensiones A<\/p>\n","protected":false},"excerpt":{"rendered":"<p>Hay que hacer la compra de la semana! En este supermercado encontr\u00e1s todo lo que peque\u00f1as y grandes familias necesitan. Leche, frutas y tambi\u00e9n chocolate. Aqu\u00ed se reunen familias, vecinos y amigo para disfrutar de la compra .Dimensiones A<\/p>\n","protected":false},"featured_media":14461,"comment_status":"open","ping_status":"closed","template":"","meta":[],"product_cat":[465],"product_tag":[],"class_list":["post-14463","product","type-product","status-publish","has-post-thumbnail","hentry","product_cat-muecos","thunk-woo-product-list","opn-qv-enable","top-store-woo-hover-","top-store-single-product-tab-horizontal","top-store-shadow-","top-store-shadow-hover-"],"_links":{"self":[{"href":"https:\/\/server.idssoft.net\/idsdemo\/wp-json\/wp\/v2\/product\/14463","targetHints":{"allow":["GET"]}}],"collection":[{"href":"https:\/\/server.idssoft.net\/idsdemo\/wp-json\/wp\/v2\/product"}],"about":[{"href":"https:\/\/server.idssoft.net\/idsdemo\/wp-json\/wp\/v2\/types\/product"}],"replies":[{"embeddable":true,"href":"https:\/\/server.idssoft.net\/idsdemo\/wp-json\/wp\/v2\/comments?post=14463"}],"wp:featuredmedia":[{"embeddable":true,"href":"https:\/\/server.idssoft.net\/idsdemo\/wp-json\/wp\/v2\/media\/14461"}],"wp:attachment":[{"href":"https:\/\/server.idssoft.net\/idsdemo\/wp-json\/wp\/v2\/media?parent=14463"}],"wp:term":[{"taxonomy":"product_cat","embeddable":true,"href":"https:\/\/server.idssoft.net\/idsdemo\/wp-json\/wp\/v2\/product_cat?post=14463"},{"taxonomy":"product_tag","embeddable":true,"href":"https:\/\/server.idssoft.net\/idsdemo\/wp-json\/wp\/v2\/product_tag?post=14463"}],"curies":[{"name":"wp","href":"https:\/\/api.w.org\/{rel}","templated":true}]}}