{"id":14470,"date":"2021-06-23T15:09:40","date_gmt":"2021-06-23T15:09:40","guid":{"rendered":"https:\/\/server.idssoft.net\/idsdemo\/producto\/kit-muebles-de-bano-de-munecas\/"},"modified":"2021-06-23T15:09:40","modified_gmt":"2021-06-23T15:09:40","slug":"kit-muebles-de-bano-de-munecas","status":"publish","type":"product","link":"https:\/\/server.idssoft.net\/idsdemo\/producto\/kit-muebles-de-bano-de-munecas\/","title":{"rendered":"KIT MUEBLES DE BA\u00d1O DE MU\u00d1ECAS"},"content":{"rendered":"<p>Set de muebles para el cuarto de ba\u00f1o para mu\u00f1ecas, hecho de madera s\u00f3lida durable y adaptados al tama\u00f1o de las mu\u00f1ecas. Asegura mucha diversi\u00f3n al jugar una y otra vez. Adem\u00e1s se fomenta la imaginaci\u00f3n y estimula las habilidades motrices fina<\/p>\n","protected":false},"excerpt":{"rendered":"<p>Set de muebles para el cuarto de ba\u00f1o para mu\u00f1ecas, hecho de madera s\u00f3lida durable y adaptados al tama\u00f1o de las mu\u00f1ecas. Asegura mucha diversi\u00f3n al jugar una y otra vez. Adem\u00e1s se fomenta la imaginaci\u00f3n y estimula las habilidades motrices fina<\/p>\n","protected":false},"featured_media":14467,"comment_status":"open","ping_status":"closed","template":"","meta":[],"product_cat":[465],"product_tag":[],"class_list":["post-14470","product","type-product","status-publish","has-post-thumbnail","hentry","product_cat-muecos","thunk-woo-product-list","opn-qv-enable","top-store-woo-hover-","top-store-single-product-tab-horizontal","top-store-shadow-","top-store-shadow-hover-"],"_links":{"self":[{"href":"https:\/\/server.idssoft.net\/idsdemo\/wp-json\/wp\/v2\/product\/14470","targetHints":{"allow":["GET"]}}],"collection":[{"href":"https:\/\/server.idssoft.net\/idsdemo\/wp-json\/wp\/v2\/product"}],"about":[{"href":"https:\/\/server.idssoft.net\/idsdemo\/wp-json\/wp\/v2\/types\/product"}],"replies":[{"embeddable":true,"href":"https:\/\/server.idssoft.net\/idsdemo\/wp-json\/wp\/v2\/comments?post=14470"}],"wp:featuredmedia":[{"embeddable":true,"href":"https:\/\/server.idssoft.net\/idsdemo\/wp-json\/wp\/v2\/media\/14467"}],"wp:attachment":[{"href":"https:\/\/server.idssoft.net\/idsdemo\/wp-json\/wp\/v2\/media?parent=14470"}],"wp:term":[{"taxonomy":"product_cat","embeddable":true,"href":"https:\/\/server.idssoft.net\/idsdemo\/wp-json\/wp\/v2\/product_cat?post=14470"},{"taxonomy":"product_tag","embeddable":true,"href":"https:\/\/server.idssoft.net\/idsdemo\/wp-json\/wp\/v2\/product_tag?post=14470"}],"curies":[{"name":"wp","href":"https:\/\/api.w.org\/{rel}","templated":true}]}}