{"id":14473,"date":"2021-06-23T15:09:45","date_gmt":"2021-06-23T15:09:45","guid":{"rendered":"https:\/\/server.idssoft.net\/idsdemo\/producto\/kit-muebles-de-cocina-para-munecas\/"},"modified":"2021-06-23T15:09:45","modified_gmt":"2021-06-23T15:09:45","slug":"kit-muebles-de-cocina-para-munecas","status":"publish","type":"product","link":"https:\/\/server.idssoft.net\/idsdemo\/producto\/kit-muebles-de-cocina-para-munecas\/","title":{"rendered":"KIT MUEBLES DE COCINA PARA MU\u00d1ECAS"},"content":{"rendered":"<p>Este set de muebles para la cocina est\u00e1 cortado al tama\u00f1o de mu\u00f1ecas flexibles y hecho de madera maciza especialmente resistente &#8211; \u00a1Para divertirse una y otra vez en la casa de mu\u00f1ecas! Jugar estimula la fantas\u00eda y tambi\u00e9n desarrolla la motrici<\/p>\n","protected":false},"excerpt":{"rendered":"<p>Este set de muebles para la cocina est\u00e1 cortado al tama\u00f1o de mu\u00f1ecas flexibles y hecho de madera maciza especialmente resistente &#8211; \u00a1Para divertirse una y otra vez en la casa de mu\u00f1ecas! Jugar estimula la fantas\u00eda y tambi\u00e9n desarrolla la motrici<\/p>\n","protected":false},"featured_media":14471,"comment_status":"open","ping_status":"closed","template":"","meta":[],"product_cat":[465],"product_tag":[],"class_list":["post-14473","product","type-product","status-publish","has-post-thumbnail","hentry","product_cat-muecos","thunk-woo-product-list","opn-qv-enable","top-store-woo-hover-","top-store-single-product-tab-horizontal","top-store-shadow-","top-store-shadow-hover-"],"_links":{"self":[{"href":"https:\/\/server.idssoft.net\/idsdemo\/wp-json\/wp\/v2\/product\/14473","targetHints":{"allow":["GET"]}}],"collection":[{"href":"https:\/\/server.idssoft.net\/idsdemo\/wp-json\/wp\/v2\/product"}],"about":[{"href":"https:\/\/server.idssoft.net\/idsdemo\/wp-json\/wp\/v2\/types\/product"}],"replies":[{"embeddable":true,"href":"https:\/\/server.idssoft.net\/idsdemo\/wp-json\/wp\/v2\/comments?post=14473"}],"wp:featuredmedia":[{"embeddable":true,"href":"https:\/\/server.idssoft.net\/idsdemo\/wp-json\/wp\/v2\/media\/14471"}],"wp:attachment":[{"href":"https:\/\/server.idssoft.net\/idsdemo\/wp-json\/wp\/v2\/media?parent=14473"}],"wp:term":[{"taxonomy":"product_cat","embeddable":true,"href":"https:\/\/server.idssoft.net\/idsdemo\/wp-json\/wp\/v2\/product_cat?post=14473"},{"taxonomy":"product_tag","embeddable":true,"href":"https:\/\/server.idssoft.net\/idsdemo\/wp-json\/wp\/v2\/product_tag?post=14473"}],"curies":[{"name":"wp","href":"https:\/\/api.w.org\/{rel}","templated":true}]}}