{"id":14485,"date":"2021-06-23T15:10:02","date_gmt":"2021-06-23T15:10:02","guid":{"rendered":"https:\/\/server.idssoft.net\/idsdemo\/producto\/casa-de-munecas-villa-deluxe-xl\/"},"modified":"2021-06-23T15:10:02","modified_gmt":"2021-06-23T15:10:02","slug":"casa-de-munecas-villa-deluxe-xl","status":"publish","type":"product","link":"https:\/\/server.idssoft.net\/idsdemo\/producto\/casa-de-munecas-villa-deluxe-xl\/","title":{"rendered":"CASA DE MU\u00d1ECAS VILLA DELUXE XL"},"content":{"rendered":"<p>\u00a1Una casa de mu\u00f1ecas de gran tama\u00f1o! En esta elegante casa se puede llevar una vida familiar c\u00f3moda. Ofrece mucho espacio para muebles coloridos, que se pueden posicionar individualmente. Gracias al tama\u00f1o de esta casa pueden jugar varios ni\u00f1os<\/p>\n","protected":false},"excerpt":{"rendered":"<p>\u00a1Una casa de mu\u00f1ecas de gran tama\u00f1o! En esta elegante casa se puede llevar una vida familiar c\u00f3moda. Ofrece mucho espacio para muebles coloridos, que se pueden posicionar individualmente. Gracias al tama\u00f1o de esta casa pueden jugar varios ni\u00f1os<\/p>\n","protected":false},"featured_media":14482,"comment_status":"open","ping_status":"closed","template":"","meta":[],"product_cat":[465],"product_tag":[],"class_list":["post-14485","product","type-product","status-publish","has-post-thumbnail","hentry","product_cat-muecos","thunk-woo-product-list","opn-qv-enable","top-store-woo-hover-","top-store-single-product-tab-horizontal","top-store-shadow-","top-store-shadow-hover-"],"_links":{"self":[{"href":"https:\/\/server.idssoft.net\/idsdemo\/wp-json\/wp\/v2\/product\/14485","targetHints":{"allow":["GET"]}}],"collection":[{"href":"https:\/\/server.idssoft.net\/idsdemo\/wp-json\/wp\/v2\/product"}],"about":[{"href":"https:\/\/server.idssoft.net\/idsdemo\/wp-json\/wp\/v2\/types\/product"}],"replies":[{"embeddable":true,"href":"https:\/\/server.idssoft.net\/idsdemo\/wp-json\/wp\/v2\/comments?post=14485"}],"wp:featuredmedia":[{"embeddable":true,"href":"https:\/\/server.idssoft.net\/idsdemo\/wp-json\/wp\/v2\/media\/14482"}],"wp:attachment":[{"href":"https:\/\/server.idssoft.net\/idsdemo\/wp-json\/wp\/v2\/media?parent=14485"}],"wp:term":[{"taxonomy":"product_cat","embeddable":true,"href":"https:\/\/server.idssoft.net\/idsdemo\/wp-json\/wp\/v2\/product_cat?post=14485"},{"taxonomy":"product_tag","embeddable":true,"href":"https:\/\/server.idssoft.net\/idsdemo\/wp-json\/wp\/v2\/product_tag?post=14485"}],"curies":[{"name":"wp","href":"https:\/\/api.w.org\/{rel}","templated":true}]}}