{"id":14488,"date":"2021-06-23T15:10:07","date_gmt":"2021-06-23T15:10:07","guid":{"rendered":"https:\/\/server.idssoft.net\/idsdemo\/producto\/caja-registradora-con-factura-de-madera\/"},"modified":"2021-06-23T15:10:07","modified_gmt":"2021-06-23T15:10:07","slug":"caja-registradora-con-factura-de-madera","status":"publish","type":"product","link":"https:\/\/server.idssoft.net\/idsdemo\/producto\/caja-registradora-con-factura-de-madera\/","title":{"rendered":"CAJA REGISTRADORA CON FACTURA DE MADERA"},"content":{"rendered":"<p>Con esta colorida caja registradora de madera para ni\u00f1os se pueden calcular las compras muy h\u00e1bilmente. El scanner inal\u00e1mbrico registra las compras y qui\u00e9n quiere, recibe incluso una factura. Los ni\u00f1os pueden pagar incluso con la tarjeta de cr\u00e9d<\/p>\n","protected":false},"excerpt":{"rendered":"<p>Con esta colorida caja registradora de madera para ni\u00f1os se pueden calcular las compras muy h\u00e1bilmente. El scanner inal\u00e1mbrico registra las compras y qui\u00e9n quiere, recibe incluso una factura. Los ni\u00f1os pueden pagar incluso con la tarjeta de cr\u00e9d<\/p>\n","protected":false},"featured_media":14486,"comment_status":"open","ping_status":"closed","template":"","meta":[],"product_cat":[464],"product_tag":[],"class_list":["post-14488","product","type-product","status-publish","has-post-thumbnail","hentry","product_cat-juguetes-de-madera","thunk-woo-product-list","opn-qv-enable","top-store-woo-hover-","top-store-single-product-tab-horizontal","top-store-shadow-","top-store-shadow-hover-"],"_links":{"self":[{"href":"https:\/\/server.idssoft.net\/idsdemo\/wp-json\/wp\/v2\/product\/14488","targetHints":{"allow":["GET"]}}],"collection":[{"href":"https:\/\/server.idssoft.net\/idsdemo\/wp-json\/wp\/v2\/product"}],"about":[{"href":"https:\/\/server.idssoft.net\/idsdemo\/wp-json\/wp\/v2\/types\/product"}],"replies":[{"embeddable":true,"href":"https:\/\/server.idssoft.net\/idsdemo\/wp-json\/wp\/v2\/comments?post=14488"}],"wp:featuredmedia":[{"embeddable":true,"href":"https:\/\/server.idssoft.net\/idsdemo\/wp-json\/wp\/v2\/media\/14486"}],"wp:attachment":[{"href":"https:\/\/server.idssoft.net\/idsdemo\/wp-json\/wp\/v2\/media?parent=14488"}],"wp:term":[{"taxonomy":"product_cat","embeddable":true,"href":"https:\/\/server.idssoft.net\/idsdemo\/wp-json\/wp\/v2\/product_cat?post=14488"},{"taxonomy":"product_tag","embeddable":true,"href":"https:\/\/server.idssoft.net\/idsdemo\/wp-json\/wp\/v2\/product_tag?post=14488"}],"curies":[{"name":"wp","href":"https:\/\/api.w.org\/{rel}","templated":true}]}}