{"id":14496,"date":"2021-06-23T15:10:18","date_gmt":"2021-06-23T15:10:18","guid":{"rendered":"https:\/\/server.idssoft.net\/idsdemo\/producto\/maletin-medico-de-urgencias\/"},"modified":"2021-06-23T15:10:18","modified_gmt":"2021-06-23T15:10:18","slug":"maletin-medico-de-urgencias","status":"publish","type":"product","link":"https:\/\/server.idssoft.net\/idsdemo\/producto\/maletin-medico-de-urgencias\/","title":{"rendered":"MALETIN MEDICO DE URGENCIAS"},"content":{"rendered":"<p>Con este malet\u00edn de madera se tratan emergencias en la guarder\u00eda. Los numerosos utensilios no dejan deseos abiertos. La jeringa y el spray desinfectante vienen incluso con una funci\u00f3n de bombeo. A los mu\u00f1ecos y ositos Teddys se les medir\u00e1 la pres<\/p>\n","protected":false},"excerpt":{"rendered":"<p>Con este malet\u00edn de madera se tratan emergencias en la guarder\u00eda. Los numerosos utensilios no dejan deseos abiertos. La jeringa y el spray desinfectante vienen incluso con una funci\u00f3n de bombeo. A los mu\u00f1ecos y ositos Teddys se les medir\u00e1 la pres<\/p>\n","protected":false},"featured_media":14493,"comment_status":"open","ping_status":"closed","template":"","meta":[],"product_cat":[464],"product_tag":[],"class_list":["post-14496","product","type-product","status-publish","has-post-thumbnail","hentry","product_cat-juguetes-de-madera","thunk-woo-product-list","opn-qv-enable","top-store-woo-hover-","top-store-single-product-tab-horizontal","top-store-shadow-","top-store-shadow-hover-"],"_links":{"self":[{"href":"https:\/\/server.idssoft.net\/idsdemo\/wp-json\/wp\/v2\/product\/14496","targetHints":{"allow":["GET"]}}],"collection":[{"href":"https:\/\/server.idssoft.net\/idsdemo\/wp-json\/wp\/v2\/product"}],"about":[{"href":"https:\/\/server.idssoft.net\/idsdemo\/wp-json\/wp\/v2\/types\/product"}],"replies":[{"embeddable":true,"href":"https:\/\/server.idssoft.net\/idsdemo\/wp-json\/wp\/v2\/comments?post=14496"}],"wp:featuredmedia":[{"embeddable":true,"href":"https:\/\/server.idssoft.net\/idsdemo\/wp-json\/wp\/v2\/media\/14493"}],"wp:attachment":[{"href":"https:\/\/server.idssoft.net\/idsdemo\/wp-json\/wp\/v2\/media?parent=14496"}],"wp:term":[{"taxonomy":"product_cat","embeddable":true,"href":"https:\/\/server.idssoft.net\/idsdemo\/wp-json\/wp\/v2\/product_cat?post=14496"},{"taxonomy":"product_tag","embeddable":true,"href":"https:\/\/server.idssoft.net\/idsdemo\/wp-json\/wp\/v2\/product_tag?post=14496"}],"curies":[{"name":"wp","href":"https:\/\/api.w.org\/{rel}","templated":true}]}}