{"id":14500,"date":"2021-06-23T15:10:24","date_gmt":"2021-06-23T15:10:24","guid":{"rendered":"https:\/\/server.idssoft.net\/idsdemo\/producto\/carrito-de-compras-trend\/"},"modified":"2021-06-23T15:10:24","modified_gmt":"2021-06-23T15:10:24","slug":"carrito-de-compras-trend","status":"publish","type":"product","link":"https:\/\/server.idssoft.net\/idsdemo\/producto\/carrito-de-compras-trend\/","title":{"rendered":"CARRITO DE COMPRAS TREND"},"content":{"rendered":"<p>Este carro de compras ofrece mucho espacio para los alimentos m\u00e1s importantes de la tienda de la t\u00eda Emma.<br \/>La manija ergon\u00f3mica y las ruedas de goma permiten a los ni\u00f1os empujar el carrito en la habitaci\u00f3n sin problemas. Gracias a las abertu<\/p>\n","protected":false},"excerpt":{"rendered":"<p>Este carro de compras ofrece mucho espacio para los alimentos m\u00e1s importantes de la tienda de la t\u00eda Emma.La manija ergon\u00f3mica y las ruedas de goma permiten a los ni\u00f1os empujar el carrito en la habitaci\u00f3n sin problemas. Gracias a las abertu<\/p>\n","protected":false},"featured_media":14497,"comment_status":"open","ping_status":"closed","template":"","meta":[],"product_cat":[464],"product_tag":[],"class_list":["post-14500","product","type-product","status-publish","has-post-thumbnail","hentry","product_cat-juguetes-de-madera","thunk-woo-product-list","opn-qv-enable","top-store-woo-hover-","top-store-single-product-tab-horizontal","top-store-shadow-","top-store-shadow-hover-"],"_links":{"self":[{"href":"https:\/\/server.idssoft.net\/idsdemo\/wp-json\/wp\/v2\/product\/14500","targetHints":{"allow":["GET"]}}],"collection":[{"href":"https:\/\/server.idssoft.net\/idsdemo\/wp-json\/wp\/v2\/product"}],"about":[{"href":"https:\/\/server.idssoft.net\/idsdemo\/wp-json\/wp\/v2\/types\/product"}],"replies":[{"embeddable":true,"href":"https:\/\/server.idssoft.net\/idsdemo\/wp-json\/wp\/v2\/comments?post=14500"}],"wp:featuredmedia":[{"embeddable":true,"href":"https:\/\/server.idssoft.net\/idsdemo\/wp-json\/wp\/v2\/media\/14497"}],"wp:attachment":[{"href":"https:\/\/server.idssoft.net\/idsdemo\/wp-json\/wp\/v2\/media?parent=14500"}],"wp:term":[{"taxonomy":"product_cat","embeddable":true,"href":"https:\/\/server.idssoft.net\/idsdemo\/wp-json\/wp\/v2\/product_cat?post=14500"},{"taxonomy":"product_tag","embeddable":true,"href":"https:\/\/server.idssoft.net\/idsdemo\/wp-json\/wp\/v2\/product_tag?post=14500"}],"curies":[{"name":"wp","href":"https:\/\/api.w.org\/{rel}","templated":true}]}}