{"id":14507,"date":"2021-06-23T15:10:35","date_gmt":"2021-06-23T15:10:35","guid":{"rendered":"https:\/\/server.idssoft.net\/idsdemo\/producto\/muneca-hanna-40cm\/"},"modified":"2021-06-23T15:10:35","modified_gmt":"2021-06-23T15:10:35","slug":"muneca-hanna-40cm","status":"publish","type":"product","link":"https:\/\/server.idssoft.net\/idsdemo\/producto\/muneca-hanna-40cm\/","title":{"rendered":"MU\u00d1ECA HANNA 40CM"},"content":{"rendered":"<p>La adorable ropa rosa para beb\u00e9s es muy f\u00e1cil de poner y quitar, lo que fomenta la motricidad fina de los m\u00e1s peque\u00f1os. Un bonito babero con cierre de velcro, la gorra de colores con sus orejitas, un chupete y la manta suave hacen forman el atuend<\/p>\n","protected":false},"excerpt":{"rendered":"<p>La adorable ropa rosa para beb\u00e9s es muy f\u00e1cil de poner y quitar, lo que fomenta la motricidad fina de los m\u00e1s peque\u00f1os. Un bonito babero con cierre de velcro, la gorra de colores con sus orejitas, un chupete y la manta suave hacen forman el atuend<\/p>\n","protected":false},"featured_media":14504,"comment_status":"open","ping_status":"closed","template":"","meta":[],"product_cat":[465],"product_tag":[],"class_list":["post-14507","product","type-product","status-publish","has-post-thumbnail","hentry","product_cat-muecos","thunk-woo-product-list","opn-qv-enable","top-store-woo-hover-","top-store-single-product-tab-horizontal","top-store-shadow-","top-store-shadow-hover-"],"_links":{"self":[{"href":"https:\/\/server.idssoft.net\/idsdemo\/wp-json\/wp\/v2\/product\/14507","targetHints":{"allow":["GET"]}}],"collection":[{"href":"https:\/\/server.idssoft.net\/idsdemo\/wp-json\/wp\/v2\/product"}],"about":[{"href":"https:\/\/server.idssoft.net\/idsdemo\/wp-json\/wp\/v2\/types\/product"}],"replies":[{"embeddable":true,"href":"https:\/\/server.idssoft.net\/idsdemo\/wp-json\/wp\/v2\/comments?post=14507"}],"wp:featuredmedia":[{"embeddable":true,"href":"https:\/\/server.idssoft.net\/idsdemo\/wp-json\/wp\/v2\/media\/14504"}],"wp:attachment":[{"href":"https:\/\/server.idssoft.net\/idsdemo\/wp-json\/wp\/v2\/media?parent=14507"}],"wp:term":[{"taxonomy":"product_cat","embeddable":true,"href":"https:\/\/server.idssoft.net\/idsdemo\/wp-json\/wp\/v2\/product_cat?post=14507"},{"taxonomy":"product_tag","embeddable":true,"href":"https:\/\/server.idssoft.net\/idsdemo\/wp-json\/wp\/v2\/product_tag?post=14507"}],"curies":[{"name":"wp","href":"https:\/\/api.w.org\/{rel}","templated":true}]}}