{"id":14511,"date":"2021-06-23T15:10:41","date_gmt":"2021-06-23T15:10:41","guid":{"rendered":"https:\/\/server.idssoft.net\/idsdemo\/producto\/muneco-lucas-40cm\/"},"modified":"2021-06-23T15:10:41","modified_gmt":"2021-06-23T15:10:41","slug":"muneco-lucas-40cm","status":"publish","type":"product","link":"https:\/\/server.idssoft.net\/idsdemo\/producto\/muneco-lucas-40cm\/","title":{"rendered":"MU\u00d1ECO LUCAS 40CM"},"content":{"rendered":"<p>.Dimensiones Mu\u00f1eco aprox. 15 x 10 x 40 cm, manta aprox. 27 x 27 cm.<br \/>.Material pl\u00e1stico, tela<br \/>.Edad recomendada a partir de 24 meses<br \/>.con este mu\u00f1eco los ni\u00f1os pueden pasar lo bueno y lo malo. En los juegos de rol con mu\u00f1ecos, los ni?<\/p>\n","protected":false},"excerpt":{"rendered":"<p>.Dimensiones Mu\u00f1eco aprox. 15 x 10 x 40 cm, manta aprox. 27 x 27 cm..Material pl\u00e1stico, tela.Edad recomendada a partir de 24 meses.con este mu\u00f1eco los ni\u00f1os pueden pasar lo bueno y lo malo. En los juegos de rol con mu\u00f1ecos, los ni?<\/p>\n","protected":false},"featured_media":14508,"comment_status":"open","ping_status":"closed","template":"","meta":[],"product_cat":[465],"product_tag":[],"class_list":["post-14511","product","type-product","status-publish","has-post-thumbnail","hentry","product_cat-muecos","thunk-woo-product-list","opn-qv-enable","top-store-woo-hover-","top-store-single-product-tab-horizontal","top-store-shadow-","top-store-shadow-hover-"],"_links":{"self":[{"href":"https:\/\/server.idssoft.net\/idsdemo\/wp-json\/wp\/v2\/product\/14511","targetHints":{"allow":["GET"]}}],"collection":[{"href":"https:\/\/server.idssoft.net\/idsdemo\/wp-json\/wp\/v2\/product"}],"about":[{"href":"https:\/\/server.idssoft.net\/idsdemo\/wp-json\/wp\/v2\/types\/product"}],"replies":[{"embeddable":true,"href":"https:\/\/server.idssoft.net\/idsdemo\/wp-json\/wp\/v2\/comments?post=14511"}],"wp:featuredmedia":[{"embeddable":true,"href":"https:\/\/server.idssoft.net\/idsdemo\/wp-json\/wp\/v2\/media\/14508"}],"wp:attachment":[{"href":"https:\/\/server.idssoft.net\/idsdemo\/wp-json\/wp\/v2\/media?parent=14511"}],"wp:term":[{"taxonomy":"product_cat","embeddable":true,"href":"https:\/\/server.idssoft.net\/idsdemo\/wp-json\/wp\/v2\/product_cat?post=14511"},{"taxonomy":"product_tag","embeddable":true,"href":"https:\/\/server.idssoft.net\/idsdemo\/wp-json\/wp\/v2\/product_tag?post=14511"}],"curies":[{"name":"wp","href":"https:\/\/api.w.org\/{rel}","templated":true}]}}