{"id":14530,"date":"2021-06-23T15:11:08","date_gmt":"2021-06-23T15:11:08","guid":{"rendered":"https:\/\/server.idssoft.net\/idsdemo\/producto\/cuna-de-munecas-de-madera\/"},"modified":"2021-06-23T15:11:08","modified_gmt":"2021-06-23T15:11:08","slug":"cuna-de-munecas-de-madera","status":"publish","type":"product","link":"https:\/\/server.idssoft.net\/idsdemo\/producto\/cuna-de-munecas-de-madera\/","title":{"rendered":"CUNA DE MU\u00d1ECAS DE MADERA"},"content":{"rendered":"<p>Las mu\u00f1ecas y los peluches duermen particularmente bien en este simple cunita porque no pueden caerse. Gracias al barniz blanco, la cuna de madera robusta para de mu\u00f1ecas se ve muy moderna. Un colch\u00f3n suavemente forrado, as\u00ed como una manta y una a<\/p>\n","protected":false},"excerpt":{"rendered":"<p>Las mu\u00f1ecas y los peluches duermen particularmente bien en este simple cunita porque no pueden caerse. Gracias al barniz blanco, la cuna de madera robusta para de mu\u00f1ecas se ve muy moderna. Un colch\u00f3n suavemente forrado, as\u00ed como una manta y una a<\/p>\n","protected":false},"featured_media":14527,"comment_status":"open","ping_status":"closed","template":"","meta":[],"product_cat":[465],"product_tag":[],"class_list":["post-14530","product","type-product","status-publish","has-post-thumbnail","hentry","product_cat-muecos","thunk-woo-product-list","opn-qv-enable","top-store-woo-hover-","top-store-single-product-tab-horizontal","top-store-shadow-","top-store-shadow-hover-"],"_links":{"self":[{"href":"https:\/\/server.idssoft.net\/idsdemo\/wp-json\/wp\/v2\/product\/14530","targetHints":{"allow":["GET"]}}],"collection":[{"href":"https:\/\/server.idssoft.net\/idsdemo\/wp-json\/wp\/v2\/product"}],"about":[{"href":"https:\/\/server.idssoft.net\/idsdemo\/wp-json\/wp\/v2\/types\/product"}],"replies":[{"embeddable":true,"href":"https:\/\/server.idssoft.net\/idsdemo\/wp-json\/wp\/v2\/comments?post=14530"}],"wp:featuredmedia":[{"embeddable":true,"href":"https:\/\/server.idssoft.net\/idsdemo\/wp-json\/wp\/v2\/media\/14527"}],"wp:attachment":[{"href":"https:\/\/server.idssoft.net\/idsdemo\/wp-json\/wp\/v2\/media?parent=14530"}],"wp:term":[{"taxonomy":"product_cat","embeddable":true,"href":"https:\/\/server.idssoft.net\/idsdemo\/wp-json\/wp\/v2\/product_cat?post=14530"},{"taxonomy":"product_tag","embeddable":true,"href":"https:\/\/server.idssoft.net\/idsdemo\/wp-json\/wp\/v2\/product_tag?post=14530"}],"curies":[{"name":"wp","href":"https:\/\/api.w.org\/{rel}","templated":true}]}}