{"id":14533,"date":"2021-06-23T15:11:13","date_gmt":"2021-06-23T15:11:13","guid":{"rendered":"https:\/\/server.idssoft.net\/idsdemo\/producto\/familia-de-munecos-de-madera-flexibles\/"},"modified":"2021-06-23T15:11:13","modified_gmt":"2021-06-23T15:11:13","slug":"familia-de-munecos-de-madera-flexibles","status":"publish","type":"product","link":"https:\/\/server.idssoft.net\/idsdemo\/producto\/familia-de-munecos-de-madera-flexibles\/","title":{"rendered":"FAMILIA DE MU\u00d1ECOS DE MADERA FLEXIBLES"},"content":{"rendered":"<p> Consiste en mam\u00e1, pap\u00e1, abuela, abuelo, hermano y hermana que promete un mundo de diversi\u00f3n entre la fantas\u00eda y la realidad. Estas mu\u00f1ecas son muy flexibles, duraderas, llenas de detalles, hechas de madera y alambre cubiertas de tela. Por lo tan<\/p>\n","protected":false},"excerpt":{"rendered":"<p>Consiste en mam\u00e1, pap\u00e1, abuela, abuelo, hermano y hermana que promete un mundo de diversi\u00f3n entre la fantas\u00eda y la realidad. Estas mu\u00f1ecas son muy flexibles, duraderas, llenas de detalles, hechas de madera y alambre cubiertas de tela. Por lo tan<\/p>\n","protected":false},"featured_media":14531,"comment_status":"open","ping_status":"closed","template":"","meta":[],"product_cat":[465],"product_tag":[],"class_list":["post-14533","product","type-product","status-publish","has-post-thumbnail","hentry","product_cat-muecos","thunk-woo-product-list","opn-qv-enable","top-store-woo-hover-","top-store-single-product-tab-horizontal","top-store-shadow-","top-store-shadow-hover-"],"_links":{"self":[{"href":"https:\/\/server.idssoft.net\/idsdemo\/wp-json\/wp\/v2\/product\/14533","targetHints":{"allow":["GET"]}}],"collection":[{"href":"https:\/\/server.idssoft.net\/idsdemo\/wp-json\/wp\/v2\/product"}],"about":[{"href":"https:\/\/server.idssoft.net\/idsdemo\/wp-json\/wp\/v2\/types\/product"}],"replies":[{"embeddable":true,"href":"https:\/\/server.idssoft.net\/idsdemo\/wp-json\/wp\/v2\/comments?post=14533"}],"wp:featuredmedia":[{"embeddable":true,"href":"https:\/\/server.idssoft.net\/idsdemo\/wp-json\/wp\/v2\/media\/14531"}],"wp:attachment":[{"href":"https:\/\/server.idssoft.net\/idsdemo\/wp-json\/wp\/v2\/media?parent=14533"}],"wp:term":[{"taxonomy":"product_cat","embeddable":true,"href":"https:\/\/server.idssoft.net\/idsdemo\/wp-json\/wp\/v2\/product_cat?post=14533"},{"taxonomy":"product_tag","embeddable":true,"href":"https:\/\/server.idssoft.net\/idsdemo\/wp-json\/wp\/v2\/product_tag?post=14533"}],"curies":[{"name":"wp","href":"https:\/\/api.w.org\/{rel}","templated":true}]}}