{"id":14559,"date":"2021-06-23T15:11:51","date_gmt":"2021-06-23T15:11:51","guid":{"rendered":"https:\/\/server.idssoft.net\/idsdemo\/producto\/animal-de-arrastre-perrito-natural\/"},"modified":"2021-06-23T15:11:51","modified_gmt":"2021-06-23T15:11:51","slug":"animal-de-arrastre-perrito-natural","status":"publish","type":"product","link":"https:\/\/server.idssoft.net\/idsdemo\/producto\/animal-de-arrastre-perrito-natural\/","title":{"rendered":"ANIMAL DE ARRASTRE PERRITO NATURAL"},"content":{"rendered":"<p> Este simp\u00e1tico perrito es f\u00e1cil de arrastrar y llevar a pasear por los m\u00e1s peque\u00f1os gracias a su cord\u00f3n. As\u00ed que el amigo de cuatro patas sacude todo su cuerpo de una manera divertida. \u00d3pticamente convence con su mezcla de madera de haya color<\/p>\n","protected":false},"excerpt":{"rendered":"<p>Este simp\u00e1tico perrito es f\u00e1cil de arrastrar y llevar a pasear por los m\u00e1s peque\u00f1os gracias a su cord\u00f3n. As\u00ed que el amigo de cuatro patas sacude todo su cuerpo de una manera divertida. \u00d3pticamente convence con su mezcla de madera de haya color<\/p>\n","protected":false},"featured_media":14557,"comment_status":"open","ping_status":"closed","template":"","meta":[],"product_cat":[464],"product_tag":[],"class_list":["post-14559","product","type-product","status-publish","has-post-thumbnail","hentry","product_cat-juguetes-de-madera","thunk-woo-product-list","opn-qv-enable","top-store-woo-hover-","top-store-single-product-tab-horizontal","top-store-shadow-","top-store-shadow-hover-"],"_links":{"self":[{"href":"https:\/\/server.idssoft.net\/idsdemo\/wp-json\/wp\/v2\/product\/14559","targetHints":{"allow":["GET"]}}],"collection":[{"href":"https:\/\/server.idssoft.net\/idsdemo\/wp-json\/wp\/v2\/product"}],"about":[{"href":"https:\/\/server.idssoft.net\/idsdemo\/wp-json\/wp\/v2\/types\/product"}],"replies":[{"embeddable":true,"href":"https:\/\/server.idssoft.net\/idsdemo\/wp-json\/wp\/v2\/comments?post=14559"}],"wp:featuredmedia":[{"embeddable":true,"href":"https:\/\/server.idssoft.net\/idsdemo\/wp-json\/wp\/v2\/media\/14557"}],"wp:attachment":[{"href":"https:\/\/server.idssoft.net\/idsdemo\/wp-json\/wp\/v2\/media?parent=14559"}],"wp:term":[{"taxonomy":"product_cat","embeddable":true,"href":"https:\/\/server.idssoft.net\/idsdemo\/wp-json\/wp\/v2\/product_cat?post=14559"},{"taxonomy":"product_tag","embeddable":true,"href":"https:\/\/server.idssoft.net\/idsdemo\/wp-json\/wp\/v2\/product_tag?post=14559"}],"curies":[{"name":"wp","href":"https:\/\/api.w.org\/{rel}","templated":true}]}}