{"id":14564,"date":"2021-06-23T15:12:00","date_gmt":"2021-06-23T15:12:00","guid":{"rendered":"https:\/\/server.idssoft.net\/idsdemo\/producto\/pack-munecos-cristian-y-carla\/"},"modified":"2021-06-23T15:12:00","modified_gmt":"2021-06-23T15:12:00","slug":"pack-munecos-cristian-y-carla","status":"publish","type":"product","link":"https:\/\/server.idssoft.net\/idsdemo\/producto\/pack-munecos-cristian-y-carla\/","title":{"rendered":"PACK MU\u00d1ECOS CRISTIAN Y CARLA"},"content":{"rendered":"<p>Una peque\u00f1a pareja de hermanos con mantas y gorras enternecen a los padres de las mu\u00f1ecas! \u00a1Los peque\u00f1os ojos dormilones de color verde y marr\u00f3n, los cuerpos y las extremidades suavemente forrados y la cabeza de vinilo flexible, hacen de estas mu<\/p>\n","protected":false},"excerpt":{"rendered":"<p>Una peque\u00f1a pareja de hermanos con mantas y gorras enternecen a los padres de las mu\u00f1ecas! \u00a1Los peque\u00f1os ojos dormilones de color verde y marr\u00f3n, los cuerpos y las extremidades suavemente forrados y la cabeza de vinilo flexible, hacen de estas mu<\/p>\n","protected":false},"featured_media":14563,"comment_status":"open","ping_status":"closed","template":"","meta":[],"product_cat":[465],"product_tag":[],"class_list":["post-14564","product","type-product","status-publish","has-post-thumbnail","hentry","product_cat-muecos","thunk-woo-product-list","opn-qv-enable","top-store-woo-hover-","top-store-single-product-tab-horizontal","top-store-shadow-","top-store-shadow-hover-"],"_links":{"self":[{"href":"https:\/\/server.idssoft.net\/idsdemo\/wp-json\/wp\/v2\/product\/14564","targetHints":{"allow":["GET"]}}],"collection":[{"href":"https:\/\/server.idssoft.net\/idsdemo\/wp-json\/wp\/v2\/product"}],"about":[{"href":"https:\/\/server.idssoft.net\/idsdemo\/wp-json\/wp\/v2\/types\/product"}],"replies":[{"embeddable":true,"href":"https:\/\/server.idssoft.net\/idsdemo\/wp-json\/wp\/v2\/comments?post=14564"}],"wp:featuredmedia":[{"embeddable":true,"href":"https:\/\/server.idssoft.net\/idsdemo\/wp-json\/wp\/v2\/media\/14563"}],"wp:attachment":[{"href":"https:\/\/server.idssoft.net\/idsdemo\/wp-json\/wp\/v2\/media?parent=14564"}],"wp:term":[{"taxonomy":"product_cat","embeddable":true,"href":"https:\/\/server.idssoft.net\/idsdemo\/wp-json\/wp\/v2\/product_cat?post=14564"},{"taxonomy":"product_tag","embeddable":true,"href":"https:\/\/server.idssoft.net\/idsdemo\/wp-json\/wp\/v2\/product_tag?post=14564"}],"curies":[{"name":"wp","href":"https:\/\/api.w.org\/{rel}","templated":true}]}}