{"id":14568,"date":"2021-06-23T15:12:06","date_gmt":"2021-06-23T15:12:06","guid":{"rendered":"https:\/\/server.idssoft.net\/idsdemo\/producto\/cuna-de-muneca-sueno\/"},"modified":"2021-06-23T15:12:06","modified_gmt":"2021-06-23T15:12:06","slug":"cuna-de-muneca-sueno","status":"publish","type":"product","link":"https:\/\/server.idssoft.net\/idsdemo\/producto\/cuna-de-muneca-sueno\/","title":{"rendered":"CUNA DE MU\u00d1ECA SUE\u00d1O"},"content":{"rendered":"<p>\u00a1Esta fant\u00e1stica cuna blanca de madera es el sue\u00f1o de todas las mu\u00f1ecas! Por sus bonitos detalles de luna, sol y estrellas que decor\u00e1n ambos lados, todas las ni\u00f1as desean tenerla.<br \/>Cuna pintada de blanco con aplicaciones preciosas, sol, luna<\/p>\n","protected":false},"excerpt":{"rendered":"<p>\u00a1Esta fant\u00e1stica cuna blanca de madera es el sue\u00f1o de todas las mu\u00f1ecas! Por sus bonitos detalles de luna, sol y estrellas que decor\u00e1n ambos lados, todas las ni\u00f1as desean tenerla.Cuna pintada de blanco con aplicaciones preciosas, sol, luna<\/p>\n","protected":false},"featured_media":14565,"comment_status":"open","ping_status":"closed","template":"","meta":[],"product_cat":[465],"product_tag":[],"class_list":["post-14568","product","type-product","status-publish","has-post-thumbnail","hentry","product_cat-muecos","thunk-woo-product-list","opn-qv-enable","top-store-woo-hover-","top-store-single-product-tab-horizontal","top-store-shadow-","top-store-shadow-hover-"],"_links":{"self":[{"href":"https:\/\/server.idssoft.net\/idsdemo\/wp-json\/wp\/v2\/product\/14568","targetHints":{"allow":["GET"]}}],"collection":[{"href":"https:\/\/server.idssoft.net\/idsdemo\/wp-json\/wp\/v2\/product"}],"about":[{"href":"https:\/\/server.idssoft.net\/idsdemo\/wp-json\/wp\/v2\/types\/product"}],"replies":[{"embeddable":true,"href":"https:\/\/server.idssoft.net\/idsdemo\/wp-json\/wp\/v2\/comments?post=14568"}],"wp:featuredmedia":[{"embeddable":true,"href":"https:\/\/server.idssoft.net\/idsdemo\/wp-json\/wp\/v2\/media\/14565"}],"wp:attachment":[{"href":"https:\/\/server.idssoft.net\/idsdemo\/wp-json\/wp\/v2\/media?parent=14568"}],"wp:term":[{"taxonomy":"product_cat","embeddable":true,"href":"https:\/\/server.idssoft.net\/idsdemo\/wp-json\/wp\/v2\/product_cat?post=14568"},{"taxonomy":"product_tag","embeddable":true,"href":"https:\/\/server.idssoft.net\/idsdemo\/wp-json\/wp\/v2\/product_tag?post=14568"}],"curies":[{"name":"wp","href":"https:\/\/api.w.org\/{rel}","templated":true}]}}