{"id":14572,"date":"2021-06-23T15:12:13","date_gmt":"2021-06-23T15:12:13","guid":{"rendered":"https:\/\/server.idssoft.net\/idsdemo\/producto\/trona-para-munecas-de-madera\/"},"modified":"2021-06-23T15:12:13","modified_gmt":"2021-06-23T15:12:13","slug":"trona-para-munecas-de-madera","status":"publish","type":"product","link":"https:\/\/server.idssoft.net\/idsdemo\/producto\/trona-para-munecas-de-madera\/","title":{"rendered":"TRONA PARA MU\u00d1ECAS DE MADERA"},"content":{"rendered":"<p>\u00a1Esta simple silla alta de madera hace que los corazones de las mu\u00f1ecas latan m\u00e1s r\u00e1pido! Est\u00e1 pintada de blanco y tiene un peque\u00f1o coraz\u00f3n recortado, es un elegante complemento para los muebles para mu\u00f1ecas. Gracias a su estilo minimalista, l<\/p>\n","protected":false},"excerpt":{"rendered":"<p>\u00a1Esta simple silla alta de madera hace que los corazones de las mu\u00f1ecas latan m\u00e1s r\u00e1pido! Est\u00e1 pintada de blanco y tiene un peque\u00f1o coraz\u00f3n recortado, es un elegante complemento para los muebles para mu\u00f1ecas. Gracias a su estilo minimalista, l<\/p>\n","protected":false},"featured_media":14569,"comment_status":"open","ping_status":"closed","template":"","meta":[],"product_cat":[465],"product_tag":[],"class_list":["post-14572","product","type-product","status-publish","has-post-thumbnail","hentry","product_cat-muecos","thunk-woo-product-list","opn-qv-enable","top-store-woo-hover-","top-store-single-product-tab-horizontal","top-store-shadow-","top-store-shadow-hover-"],"_links":{"self":[{"href":"https:\/\/server.idssoft.net\/idsdemo\/wp-json\/wp\/v2\/product\/14572","targetHints":{"allow":["GET"]}}],"collection":[{"href":"https:\/\/server.idssoft.net\/idsdemo\/wp-json\/wp\/v2\/product"}],"about":[{"href":"https:\/\/server.idssoft.net\/idsdemo\/wp-json\/wp\/v2\/types\/product"}],"replies":[{"embeddable":true,"href":"https:\/\/server.idssoft.net\/idsdemo\/wp-json\/wp\/v2\/comments?post=14572"}],"wp:featuredmedia":[{"embeddable":true,"href":"https:\/\/server.idssoft.net\/idsdemo\/wp-json\/wp\/v2\/media\/14569"}],"wp:attachment":[{"href":"https:\/\/server.idssoft.net\/idsdemo\/wp-json\/wp\/v2\/media?parent=14572"}],"wp:term":[{"taxonomy":"product_cat","embeddable":true,"href":"https:\/\/server.idssoft.net\/idsdemo\/wp-json\/wp\/v2\/product_cat?post=14572"},{"taxonomy":"product_tag","embeddable":true,"href":"https:\/\/server.idssoft.net\/idsdemo\/wp-json\/wp\/v2\/product_tag?post=14572"}],"curies":[{"name":"wp","href":"https:\/\/api.w.org\/{rel}","templated":true}]}}