{"id":14602,"date":"2021-06-23T15:12:57","date_gmt":"2021-06-23T15:12:57","guid":{"rendered":"https:\/\/server.idssoft.net\/idsdemo\/producto\/carrito-de-compra-plateado\/"},"modified":"2021-06-23T15:12:57","modified_gmt":"2021-06-23T15:12:57","slug":"carrito-de-compra-plateado","status":"publish","type":"product","link":"https:\/\/server.idssoft.net\/idsdemo\/producto\/carrito-de-compra-plateado\/","title":{"rendered":"CARRITO DE COMPRA PLATEADO"},"content":{"rendered":"<p>Con el acabado plateado de este cl\u00e1sico carrito de compra de juguetes, los peque\u00f1os compradores lucen muy bien y en el asiento integrado para mu\u00f1ecas tambi\u00e9n hay espacio para las mu\u00f1ecas.<br \/>\u00a1Con acentos rojos en las ruedas, un mango, un marco<\/p>\n","protected":false},"excerpt":{"rendered":"<p>Con el acabado plateado de este cl\u00e1sico carrito de compra de juguetes, los peque\u00f1os compradores lucen muy bien y en el asiento integrado para mu\u00f1ecas tambi\u00e9n hay espacio para las mu\u00f1ecas.\u00a1Con acentos rojos en las ruedas, un mango, un marco<\/p>\n","protected":false},"featured_media":14599,"comment_status":"open","ping_status":"closed","template":"","meta":[],"product_cat":[464],"product_tag":[],"class_list":["post-14602","product","type-product","status-publish","has-post-thumbnail","hentry","product_cat-juguetes-de-madera","thunk-woo-product-list","opn-qv-enable","top-store-woo-hover-","top-store-single-product-tab-horizontal","top-store-shadow-","top-store-shadow-hover-"],"_links":{"self":[{"href":"https:\/\/server.idssoft.net\/idsdemo\/wp-json\/wp\/v2\/product\/14602","targetHints":{"allow":["GET"]}}],"collection":[{"href":"https:\/\/server.idssoft.net\/idsdemo\/wp-json\/wp\/v2\/product"}],"about":[{"href":"https:\/\/server.idssoft.net\/idsdemo\/wp-json\/wp\/v2\/types\/product"}],"replies":[{"embeddable":true,"href":"https:\/\/server.idssoft.net\/idsdemo\/wp-json\/wp\/v2\/comments?post=14602"}],"wp:featuredmedia":[{"embeddable":true,"href":"https:\/\/server.idssoft.net\/idsdemo\/wp-json\/wp\/v2\/media\/14599"}],"wp:attachment":[{"href":"https:\/\/server.idssoft.net\/idsdemo\/wp-json\/wp\/v2\/media?parent=14602"}],"wp:term":[{"taxonomy":"product_cat","embeddable":true,"href":"https:\/\/server.idssoft.net\/idsdemo\/wp-json\/wp\/v2\/product_cat?post=14602"},{"taxonomy":"product_tag","embeddable":true,"href":"https:\/\/server.idssoft.net\/idsdemo\/wp-json\/wp\/v2\/product_tag?post=14602"}],"curies":[{"name":"wp","href":"https:\/\/api.w.org\/{rel}","templated":true}]}}