{"id":14605,"date":"2021-06-23T15:13:02","date_gmt":"2021-06-23T15:13:02","guid":{"rendered":"https:\/\/server.idssoft.net\/idsdemo\/producto\/satisfyer-succionador-de-clitoris-pro-4-parejas-version-2020\/"},"modified":"2021-06-23T15:13:02","modified_gmt":"2021-06-23T15:13:02","slug":"satisfyer-succionador-de-clitoris-pro-4-parejas-version-2020","status":"publish","type":"product","link":"https:\/\/server.idssoft.net\/idsdemo\/producto\/satisfyer-succionador-de-clitoris-pro-4-parejas-version-2020\/","title":{"rendered":"SATISFYER SUCCIONADOR DE CLITORIS PRO 4 PAREJAS VERSION 2020"},"content":{"rendered":"<p>Es hora de momentos inolvidables: Satisfyer Pro 4 Couples te abre un nuevo mundo de juegos er\u00f3ticos. Inspirado por los vibradores de parejas cl\u00e1sicos, es especial para usar durante las relaciones sexuales y estimular a ambos simult\u00e1neamente. Pero e<\/p>\n","protected":false},"excerpt":{"rendered":"<p>Es hora de momentos inolvidables: Satisfyer Pro 4 Couples te abre un nuevo mundo de juegos er\u00f3ticos. Inspirado por los vibradores de parejas cl\u00e1sicos, es especial para usar durante las relaciones sexuales y estimular a ambos simult\u00e1neamente. Pero e<\/p>\n","protected":false},"featured_media":14603,"comment_status":"open","ping_status":"closed","template":"","meta":[],"product_cat":[557],"product_tag":[],"class_list":["post-14605","product","type-product","status-publish","has-post-thumbnail","hentry","product_cat-juguetes-sexuales","thunk-woo-product-list","opn-qv-enable","top-store-woo-hover-","top-store-single-product-tab-horizontal","top-store-shadow-","top-store-shadow-hover-"],"_links":{"self":[{"href":"https:\/\/server.idssoft.net\/idsdemo\/wp-json\/wp\/v2\/product\/14605","targetHints":{"allow":["GET"]}}],"collection":[{"href":"https:\/\/server.idssoft.net\/idsdemo\/wp-json\/wp\/v2\/product"}],"about":[{"href":"https:\/\/server.idssoft.net\/idsdemo\/wp-json\/wp\/v2\/types\/product"}],"replies":[{"embeddable":true,"href":"https:\/\/server.idssoft.net\/idsdemo\/wp-json\/wp\/v2\/comments?post=14605"}],"wp:featuredmedia":[{"embeddable":true,"href":"https:\/\/server.idssoft.net\/idsdemo\/wp-json\/wp\/v2\/media\/14603"}],"wp:attachment":[{"href":"https:\/\/server.idssoft.net\/idsdemo\/wp-json\/wp\/v2\/media?parent=14605"}],"wp:term":[{"taxonomy":"product_cat","embeddable":true,"href":"https:\/\/server.idssoft.net\/idsdemo\/wp-json\/wp\/v2\/product_cat?post=14605"},{"taxonomy":"product_tag","embeddable":true,"href":"https:\/\/server.idssoft.net\/idsdemo\/wp-json\/wp\/v2\/product_tag?post=14605"}],"curies":[{"name":"wp","href":"https:\/\/api.w.org\/{rel}","templated":true}]}}