{"id":14611,"date":"2021-06-23T15:13:12","date_gmt":"2021-06-23T15:13:12","guid":{"rendered":"https:\/\/server.idssoft.net\/idsdemo\/producto\/satisfyer-estimulador-curvy-3-rosa\/"},"modified":"2021-06-23T15:13:12","modified_gmt":"2021-06-23T15:13:12","slug":"satisfyer-estimulador-curvy-3-rosa","status":"publish","type":"product","link":"https:\/\/server.idssoft.net\/idsdemo\/producto\/satisfyer-estimulador-curvy-3-rosa\/","title":{"rendered":"SATISFYER ESTIMULADOR CURVY 3+ ROSA"},"content":{"rendered":"<p>Dentro del maravilloso mundo de los succionadores de cl\u00edtoris y espec\u00edficamente de los Curvy llega el Curvy 3+.<\/p>\n<p>Este nuevo modelo de Curvy cuenta con 2 potentes s\u00faper-motores con los que podr\u00e1s experimentar unas ondas de presi\u00f3n inolvida<\/p>\n","protected":false},"excerpt":{"rendered":"<p>Dentro del maravilloso mundo de los succionadores de cl\u00edtoris y espec\u00edficamente de los Curvy llega el Curvy 3+. Este nuevo modelo de Curvy cuenta con 2 potentes s\u00faper-motores con los que podr\u00e1s experimentar unas ondas de presi\u00f3n inolvida<\/p>\n","protected":false},"featured_media":14609,"comment_status":"open","ping_status":"closed","template":"","meta":[],"product_cat":[557],"product_tag":[],"class_list":["post-14611","product","type-product","status-publish","has-post-thumbnail","hentry","product_cat-juguetes-sexuales","thunk-woo-product-list","opn-qv-enable","top-store-woo-hover-","top-store-single-product-tab-horizontal","top-store-shadow-","top-store-shadow-hover-"],"_links":{"self":[{"href":"https:\/\/server.idssoft.net\/idsdemo\/wp-json\/wp\/v2\/product\/14611","targetHints":{"allow":["GET"]}}],"collection":[{"href":"https:\/\/server.idssoft.net\/idsdemo\/wp-json\/wp\/v2\/product"}],"about":[{"href":"https:\/\/server.idssoft.net\/idsdemo\/wp-json\/wp\/v2\/types\/product"}],"replies":[{"embeddable":true,"href":"https:\/\/server.idssoft.net\/idsdemo\/wp-json\/wp\/v2\/comments?post=14611"}],"wp:featuredmedia":[{"embeddable":true,"href":"https:\/\/server.idssoft.net\/idsdemo\/wp-json\/wp\/v2\/media\/14609"}],"wp:attachment":[{"href":"https:\/\/server.idssoft.net\/idsdemo\/wp-json\/wp\/v2\/media?parent=14611"}],"wp:term":[{"taxonomy":"product_cat","embeddable":true,"href":"https:\/\/server.idssoft.net\/idsdemo\/wp-json\/wp\/v2\/product_cat?post=14611"},{"taxonomy":"product_tag","embeddable":true,"href":"https:\/\/server.idssoft.net\/idsdemo\/wp-json\/wp\/v2\/product_tag?post=14611"}],"curies":[{"name":"wp","href":"https:\/\/api.w.org\/{rel}","templated":true}]}}