{"id":14620,"date":"2021-06-23T15:13:27","date_gmt":"2021-06-23T15:13:27","guid":{"rendered":"https:\/\/server.idssoft.net\/idsdemo\/producto\/set-hamburguesa-en-tela-con-papas-fritas\/"},"modified":"2021-06-23T15:13:27","modified_gmt":"2021-06-23T15:13:27","slug":"set-hamburguesa-en-tela-con-papas-fritas","status":"publish","type":"product","link":"https:\/\/server.idssoft.net\/idsdemo\/producto\/set-hamburguesa-en-tela-con-papas-fritas\/","title":{"rendered":"SET HAMBURGUESA EN TELA CON PAPAS FRITAS"},"content":{"rendered":"<p>Fan\u00e1ticos de la comida r\u00e1pida! Con este set disfrutar\u00e1 en la mesa de una sabrosa hamburguesa con patatas fritas. El pan de hamburguesa hecho de felpa suave puede ser cubierto como se desee, ya que la cubierta puede ser una alb\u00f3ndiga, una rebanada<\/p>\n","protected":false},"excerpt":{"rendered":"<p>Fan\u00e1ticos de la comida r\u00e1pida! Con este set disfrutar\u00e1 en la mesa de una sabrosa hamburguesa con patatas fritas. El pan de hamburguesa hecho de felpa suave puede ser cubierto como se desee, ya que la cubierta puede ser una alb\u00f3ndiga, una rebanada<\/p>\n","protected":false},"featured_media":14618,"comment_status":"open","ping_status":"closed","template":"","meta":[],"product_cat":[464],"product_tag":[],"class_list":["post-14620","product","type-product","status-publish","has-post-thumbnail","hentry","product_cat-juguetes-de-madera","thunk-woo-product-list","opn-qv-enable","top-store-woo-hover-","top-store-single-product-tab-horizontal","top-store-shadow-","top-store-shadow-hover-"],"_links":{"self":[{"href":"https:\/\/server.idssoft.net\/idsdemo\/wp-json\/wp\/v2\/product\/14620","targetHints":{"allow":["GET"]}}],"collection":[{"href":"https:\/\/server.idssoft.net\/idsdemo\/wp-json\/wp\/v2\/product"}],"about":[{"href":"https:\/\/server.idssoft.net\/idsdemo\/wp-json\/wp\/v2\/types\/product"}],"replies":[{"embeddable":true,"href":"https:\/\/server.idssoft.net\/idsdemo\/wp-json\/wp\/v2\/comments?post=14620"}],"wp:featuredmedia":[{"embeddable":true,"href":"https:\/\/server.idssoft.net\/idsdemo\/wp-json\/wp\/v2\/media\/14618"}],"wp:attachment":[{"href":"https:\/\/server.idssoft.net\/idsdemo\/wp-json\/wp\/v2\/media?parent=14620"}],"wp:term":[{"taxonomy":"product_cat","embeddable":true,"href":"https:\/\/server.idssoft.net\/idsdemo\/wp-json\/wp\/v2\/product_cat?post=14620"},{"taxonomy":"product_tag","embeddable":true,"href":"https:\/\/server.idssoft.net\/idsdemo\/wp-json\/wp\/v2\/product_tag?post=14620"}],"curies":[{"name":"wp","href":"https:\/\/api.w.org\/{rel}","templated":true}]}}