{"id":14627,"date":"2021-06-23T15:13:37","date_gmt":"2021-06-23T15:13:37","guid":{"rendered":"https:\/\/server.idssoft.net\/idsdemo\/producto\/set-de-verduras-de-tela-con-caja\/"},"modified":"2021-06-23T15:13:37","modified_gmt":"2021-06-23T15:13:37","slug":"set-de-verduras-de-tela-con-caja","status":"publish","type":"product","link":"https:\/\/server.idssoft.net\/idsdemo\/producto\/set-de-verduras-de-tela-con-caja\/","title":{"rendered":"SET DE VERDURAS DE TELA CON CAJA"},"content":{"rendered":"<p>Este set de verduras es imprescindible para la cocina infantil, la tienda o el puesto del mercado. La cesta de madera est\u00e1 llena con un pepino, una zanahoria, un tomate, un champi\u00f1\u00f3n y una cabeza de lechuga de felpa suave. Lo mejor: las hojas de la<\/p>\n","protected":false},"excerpt":{"rendered":"<p>Este set de verduras es imprescindible para la cocina infantil, la tienda o el puesto del mercado. La cesta de madera est\u00e1 llena con un pepino, una zanahoria, un tomate, un champi\u00f1\u00f3n y una cabeza de lechuga de felpa suave. Lo mejor: las hojas de la<\/p>\n","protected":false},"featured_media":14625,"comment_status":"open","ping_status":"closed","template":"","meta":[],"product_cat":[464],"product_tag":[],"class_list":["post-14627","product","type-product","status-publish","has-post-thumbnail","hentry","product_cat-juguetes-de-madera","thunk-woo-product-list","opn-qv-enable","top-store-woo-hover-","top-store-single-product-tab-horizontal","top-store-shadow-","top-store-shadow-hover-"],"_links":{"self":[{"href":"https:\/\/server.idssoft.net\/idsdemo\/wp-json\/wp\/v2\/product\/14627","targetHints":{"allow":["GET"]}}],"collection":[{"href":"https:\/\/server.idssoft.net\/idsdemo\/wp-json\/wp\/v2\/product"}],"about":[{"href":"https:\/\/server.idssoft.net\/idsdemo\/wp-json\/wp\/v2\/types\/product"}],"replies":[{"embeddable":true,"href":"https:\/\/server.idssoft.net\/idsdemo\/wp-json\/wp\/v2\/comments?post=14627"}],"wp:featuredmedia":[{"embeddable":true,"href":"https:\/\/server.idssoft.net\/idsdemo\/wp-json\/wp\/v2\/media\/14625"}],"wp:attachment":[{"href":"https:\/\/server.idssoft.net\/idsdemo\/wp-json\/wp\/v2\/media?parent=14627"}],"wp:term":[{"taxonomy":"product_cat","embeddable":true,"href":"https:\/\/server.idssoft.net\/idsdemo\/wp-json\/wp\/v2\/product_cat?post=14627"},{"taxonomy":"product_tag","embeddable":true,"href":"https:\/\/server.idssoft.net\/idsdemo\/wp-json\/wp\/v2\/product_tag?post=14627"}],"curies":[{"name":"wp","href":"https:\/\/api.w.org\/{rel}","templated":true}]}}