{"id":14642,"date":"2021-06-23T15:13:59","date_gmt":"2021-06-23T15:13:59","guid":{"rendered":"https:\/\/server.idssoft.net\/idsdemo\/producto\/set-prepara-galletas-13-piezas\/"},"modified":"2021-06-23T15:13:59","modified_gmt":"2021-06-23T15:13:59","slug":"set-prepara-galletas-13-piezas","status":"publish","type":"product","link":"https:\/\/server.idssoft.net\/idsdemo\/producto\/set-prepara-galletas-13-piezas\/","title":{"rendered":"SET PREPARA GALLETAS 13 PIEZAS"},"content":{"rendered":"<p>\u00a1A la panader\u00eda! Huevo, harina y el az\u00facar hacen la masa perfecta. Con este set bonito de madera se preparan sabrosas galletas con la figura de este simp\u00e1tico hombrecillo, todo de fieltro. El huevo se separa gracias a su velcro y se agrega a la re<\/p>\n","protected":false},"excerpt":{"rendered":"<p>\u00a1A la panader\u00eda! Huevo, harina y el az\u00facar hacen la masa perfecta. Con este set bonito de madera se preparan sabrosas galletas con la figura de este simp\u00e1tico hombrecillo, todo de fieltro. El huevo se separa gracias a su velcro y se agrega a la re<\/p>\n","protected":false},"featured_media":14639,"comment_status":"open","ping_status":"closed","template":"","meta":[],"product_cat":[464],"product_tag":[],"class_list":["post-14642","product","type-product","status-publish","has-post-thumbnail","hentry","product_cat-juguetes-de-madera","thunk-woo-product-list","opn-qv-enable","top-store-woo-hover-","top-store-single-product-tab-horizontal","top-store-shadow-","top-store-shadow-hover-"],"_links":{"self":[{"href":"https:\/\/server.idssoft.net\/idsdemo\/wp-json\/wp\/v2\/product\/14642","targetHints":{"allow":["GET"]}}],"collection":[{"href":"https:\/\/server.idssoft.net\/idsdemo\/wp-json\/wp\/v2\/product"}],"about":[{"href":"https:\/\/server.idssoft.net\/idsdemo\/wp-json\/wp\/v2\/types\/product"}],"replies":[{"embeddable":true,"href":"https:\/\/server.idssoft.net\/idsdemo\/wp-json\/wp\/v2\/comments?post=14642"}],"wp:featuredmedia":[{"embeddable":true,"href":"https:\/\/server.idssoft.net\/idsdemo\/wp-json\/wp\/v2\/media\/14639"}],"wp:attachment":[{"href":"https:\/\/server.idssoft.net\/idsdemo\/wp-json\/wp\/v2\/media?parent=14642"}],"wp:term":[{"taxonomy":"product_cat","embeddable":true,"href":"https:\/\/server.idssoft.net\/idsdemo\/wp-json\/wp\/v2\/product_cat?post=14642"},{"taxonomy":"product_tag","embeddable":true,"href":"https:\/\/server.idssoft.net\/idsdemo\/wp-json\/wp\/v2\/product_tag?post=14642"}],"curies":[{"name":"wp","href":"https:\/\/api.w.org\/{rel}","templated":true}]}}