{"id":14650,"date":"2021-06-23T15:14:10","date_gmt":"2021-06-23T15:14:10","guid":{"rendered":"https:\/\/server.idssoft.net\/idsdemo\/producto\/cocina-premium-para-ninos\/"},"modified":"2021-06-23T15:14:10","modified_gmt":"2021-06-23T15:14:10","slug":"cocina-premium-para-ninos","status":"publish","type":"product","link":"https:\/\/server.idssoft.net\/idsdemo\/producto\/cocina-premium-para-ninos\/","title":{"rendered":"COCINA PREMIUM PARA NI\u00d1OS"},"content":{"rendered":"<p>Con esta extensa y dotada cocina de juguete cada ni\u00f1o ser\u00e1 un Chef Estrella en su habitaci\u00f3n. Los efectos de luz, los sonidos integrados en la encimera y los diversos utensilios de cocina de madera, hacen que la cocina sea muy realista. Adem\u00e1s con<\/p>\n","protected":false},"excerpt":{"rendered":"<p>Con esta extensa y dotada cocina de juguete cada ni\u00f1o ser\u00e1 un Chef Estrella en su habitaci\u00f3n. Los efectos de luz, los sonidos integrados en la encimera y los diversos utensilios de cocina de madera, hacen que la cocina sea muy realista. Adem\u00e1s con<\/p>\n","protected":false},"featured_media":14647,"comment_status":"open","ping_status":"closed","template":"","meta":[],"product_cat":[464],"product_tag":[],"class_list":["post-14650","product","type-product","status-publish","has-post-thumbnail","hentry","product_cat-juguetes-de-madera","thunk-woo-product-list","opn-qv-enable","top-store-woo-hover-","top-store-single-product-tab-horizontal","top-store-shadow-","top-store-shadow-hover-"],"_links":{"self":[{"href":"https:\/\/server.idssoft.net\/idsdemo\/wp-json\/wp\/v2\/product\/14650","targetHints":{"allow":["GET"]}}],"collection":[{"href":"https:\/\/server.idssoft.net\/idsdemo\/wp-json\/wp\/v2\/product"}],"about":[{"href":"https:\/\/server.idssoft.net\/idsdemo\/wp-json\/wp\/v2\/types\/product"}],"replies":[{"embeddable":true,"href":"https:\/\/server.idssoft.net\/idsdemo\/wp-json\/wp\/v2\/comments?post=14650"}],"wp:featuredmedia":[{"embeddable":true,"href":"https:\/\/server.idssoft.net\/idsdemo\/wp-json\/wp\/v2\/media\/14647"}],"wp:attachment":[{"href":"https:\/\/server.idssoft.net\/idsdemo\/wp-json\/wp\/v2\/media?parent=14650"}],"wp:term":[{"taxonomy":"product_cat","embeddable":true,"href":"https:\/\/server.idssoft.net\/idsdemo\/wp-json\/wp\/v2\/product_cat?post=14650"},{"taxonomy":"product_tag","embeddable":true,"href":"https:\/\/server.idssoft.net\/idsdemo\/wp-json\/wp\/v2\/product_tag?post=14650"}],"curies":[{"name":"wp","href":"https:\/\/api.w.org\/{rel}","templated":true}]}}