{"id":14654,"date":"2021-06-23T15:14:16","date_gmt":"2021-06-23T15:14:16","guid":{"rendered":"https:\/\/server.idssoft.net\/idsdemo\/producto\/set-de-cafe-y-tarta-11-piezas\/"},"modified":"2021-06-23T15:14:16","modified_gmt":"2021-06-23T15:14:16","slug":"set-de-cafe-y-tarta-11-piezas","status":"publish","type":"product","link":"https:\/\/server.idssoft.net\/idsdemo\/producto\/set-de-cafe-y-tarta-11-piezas\/","title":{"rendered":"SET DE CAFE Y TARTA 11 PIEZAS"},"content":{"rendered":"<p>\u00bfQui\u00e9n tiene ganas de un cafecito? Con este set de caf\u00e9 y tarta de madera FSC\u00ae 100% certificada, se servir\u00e1n dulces especiales hechos en la resposter\u00eda infantil de la habitaci\u00f3n. Las exquisiteces pueden servirse perfectamente sobre la tabla par<\/p>\n","protected":false},"excerpt":{"rendered":"<p>\u00bfQui\u00e9n tiene ganas de un cafecito? Con este set de caf\u00e9 y tarta de madera FSC\u00ae 100% certificada, se servir\u00e1n dulces especiales hechos en la resposter\u00eda infantil de la habitaci\u00f3n. Las exquisiteces pueden servirse perfectamente sobre la tabla par<\/p>\n","protected":false},"featured_media":14651,"comment_status":"open","ping_status":"closed","template":"","meta":[],"product_cat":[464],"product_tag":[],"class_list":["post-14654","product","type-product","status-publish","has-post-thumbnail","hentry","product_cat-juguetes-de-madera","thunk-woo-product-list","opn-qv-enable","top-store-woo-hover-","top-store-single-product-tab-horizontal","top-store-shadow-","top-store-shadow-hover-"],"_links":{"self":[{"href":"https:\/\/server.idssoft.net\/idsdemo\/wp-json\/wp\/v2\/product\/14654","targetHints":{"allow":["GET"]}}],"collection":[{"href":"https:\/\/server.idssoft.net\/idsdemo\/wp-json\/wp\/v2\/product"}],"about":[{"href":"https:\/\/server.idssoft.net\/idsdemo\/wp-json\/wp\/v2\/types\/product"}],"replies":[{"embeddable":true,"href":"https:\/\/server.idssoft.net\/idsdemo\/wp-json\/wp\/v2\/comments?post=14654"}],"wp:featuredmedia":[{"embeddable":true,"href":"https:\/\/server.idssoft.net\/idsdemo\/wp-json\/wp\/v2\/media\/14651"}],"wp:attachment":[{"href":"https:\/\/server.idssoft.net\/idsdemo\/wp-json\/wp\/v2\/media?parent=14654"}],"wp:term":[{"taxonomy":"product_cat","embeddable":true,"href":"https:\/\/server.idssoft.net\/idsdemo\/wp-json\/wp\/v2\/product_cat?post=14654"},{"taxonomy":"product_tag","embeddable":true,"href":"https:\/\/server.idssoft.net\/idsdemo\/wp-json\/wp\/v2\/product_tag?post=14654"}],"curies":[{"name":"wp","href":"https:\/\/api.w.org\/{rel}","templated":true}]}}