{"id":14661,"date":"2021-06-23T15:14:29","date_gmt":"2021-06-23T15:14:29","guid":{"rendered":"https:\/\/server.idssoft.net\/idsdemo\/producto\/puesto-de-venta-mercado\/"},"modified":"2021-06-23T15:14:29","modified_gmt":"2021-06-23T15:14:29","slug":"puesto-de-venta-mercado","status":"publish","type":"product","link":"https:\/\/server.idssoft.net\/idsdemo\/producto\/puesto-de-venta-mercado\/","title":{"rendered":"PUESTO DE VENTA MERCADO"},"content":{"rendered":"<p>Este puesto de venta de moderno dise\u00f1o en madera lacada y natural ofrece mucho m\u00e1s que un amplio mostrador: junto a numerosos dep\u00f3sitos, un mostrador lateral adicional, 3 cajones y una puerta corredera, tiene incluso un reloj de madera para mostrar<\/p>\n","protected":false},"excerpt":{"rendered":"<p>Este puesto de venta de moderno dise\u00f1o en madera lacada y natural ofrece mucho m\u00e1s que un amplio mostrador: junto a numerosos dep\u00f3sitos, un mostrador lateral adicional, 3 cajones y una puerta corredera, tiene incluso un reloj de madera para mostrar<\/p>\n","protected":false},"featured_media":14658,"comment_status":"open","ping_status":"closed","template":"","meta":[],"product_cat":[464],"product_tag":[],"class_list":["post-14661","product","type-product","status-publish","has-post-thumbnail","hentry","product_cat-juguetes-de-madera","thunk-woo-product-list","opn-qv-enable","top-store-woo-hover-","top-store-single-product-tab-horizontal","top-store-shadow-","top-store-shadow-hover-"],"_links":{"self":[{"href":"https:\/\/server.idssoft.net\/idsdemo\/wp-json\/wp\/v2\/product\/14661","targetHints":{"allow":["GET"]}}],"collection":[{"href":"https:\/\/server.idssoft.net\/idsdemo\/wp-json\/wp\/v2\/product"}],"about":[{"href":"https:\/\/server.idssoft.net\/idsdemo\/wp-json\/wp\/v2\/types\/product"}],"replies":[{"embeddable":true,"href":"https:\/\/server.idssoft.net\/idsdemo\/wp-json\/wp\/v2\/comments?post=14661"}],"wp:featuredmedia":[{"embeddable":true,"href":"https:\/\/server.idssoft.net\/idsdemo\/wp-json\/wp\/v2\/media\/14658"}],"wp:attachment":[{"href":"https:\/\/server.idssoft.net\/idsdemo\/wp-json\/wp\/v2\/media?parent=14661"}],"wp:term":[{"taxonomy":"product_cat","embeddable":true,"href":"https:\/\/server.idssoft.net\/idsdemo\/wp-json\/wp\/v2\/product_cat?post=14661"},{"taxonomy":"product_tag","embeddable":true,"href":"https:\/\/server.idssoft.net\/idsdemo\/wp-json\/wp\/v2\/product_tag?post=14661"}],"curies":[{"name":"wp","href":"https:\/\/api.w.org\/{rel}","templated":true}]}}