{"id":14664,"date":"2021-06-23T15:14:35","date_gmt":"2021-06-23T15:14:35","guid":{"rendered":"https:\/\/server.idssoft.net\/idsdemo\/producto\/cafetera-cocina-infantil-5-piezas\/"},"modified":"2021-06-23T15:14:35","modified_gmt":"2021-06-23T15:14:35","slug":"cafetera-cocina-infantil-5-piezas","status":"publish","type":"product","link":"https:\/\/server.idssoft.net\/idsdemo\/producto\/cafetera-cocina-infantil-5-piezas\/","title":{"rendered":"CAFETERA COCINA INFANTIL 5 PIEZAS"},"content":{"rendered":"<p>\u00a1Ahora un cafecito! Esta m\u00e1quina de caf\u00e9 de madera es una gran adici\u00f3n a los juegos de cocina en la habitaci\u00f3n de los ni\u00f1os. La facilidad de uso con botones giratorios asegura la diversi\u00f3n del juego.<\/p>\n<p>.Dimensiones Aprox. 17 x 9 x 18 c<\/p>\n","protected":false},"excerpt":{"rendered":"<p>\u00a1Ahora un cafecito! Esta m\u00e1quina de caf\u00e9 de madera es una gran adici\u00f3n a los juegos de cocina en la habitaci\u00f3n de los ni\u00f1os. La facilidad de uso con botones giratorios asegura la diversi\u00f3n del juego. .Dimensiones Aprox. 17 x 9 x 18 c<\/p>\n","protected":false},"featured_media":14662,"comment_status":"open","ping_status":"closed","template":"","meta":[],"product_cat":[464],"product_tag":[],"class_list":["post-14664","product","type-product","status-publish","has-post-thumbnail","hentry","product_cat-juguetes-de-madera","thunk-woo-product-list","opn-qv-enable","top-store-woo-hover-","top-store-single-product-tab-horizontal","top-store-shadow-","top-store-shadow-hover-"],"_links":{"self":[{"href":"https:\/\/server.idssoft.net\/idsdemo\/wp-json\/wp\/v2\/product\/14664","targetHints":{"allow":["GET"]}}],"collection":[{"href":"https:\/\/server.idssoft.net\/idsdemo\/wp-json\/wp\/v2\/product"}],"about":[{"href":"https:\/\/server.idssoft.net\/idsdemo\/wp-json\/wp\/v2\/types\/product"}],"replies":[{"embeddable":true,"href":"https:\/\/server.idssoft.net\/idsdemo\/wp-json\/wp\/v2\/comments?post=14664"}],"wp:featuredmedia":[{"embeddable":true,"href":"https:\/\/server.idssoft.net\/idsdemo\/wp-json\/wp\/v2\/media\/14662"}],"wp:attachment":[{"href":"https:\/\/server.idssoft.net\/idsdemo\/wp-json\/wp\/v2\/media?parent=14664"}],"wp:term":[{"taxonomy":"product_cat","embeddable":true,"href":"https:\/\/server.idssoft.net\/idsdemo\/wp-json\/wp\/v2\/product_cat?post=14664"},{"taxonomy":"product_tag","embeddable":true,"href":"https:\/\/server.idssoft.net\/idsdemo\/wp-json\/wp\/v2\/product_tag?post=14664"}],"curies":[{"name":"wp","href":"https:\/\/api.w.org\/{rel}","templated":true}]}}