{"id":14671,"date":"2021-06-23T15:14:47","date_gmt":"2021-06-23T15:14:47","guid":{"rendered":"https:\/\/server.idssoft.net\/idsdemo\/producto\/batidora-manual-para-cocina-infantil\/"},"modified":"2021-06-23T15:14:47","modified_gmt":"2021-06-23T15:14:47","slug":"batidora-manual-para-cocina-infantil","status":"publish","type":"product","link":"https:\/\/server.idssoft.net\/idsdemo\/producto\/batidora-manual-para-cocina-infantil\/","title":{"rendered":"BATIDORA MANUAL PARA COCINA INFANTIL"},"content":{"rendered":"<p>Esta genial batidora emociona mucho a los ni\u00f1os y los peque\u00f1os pueden vivir la experiencia de hornear tartas en su cocinita. La batidora giratoria tiene recipiente de pl\u00e1stico para mezclar. El estable aparato de mezclar de madera con su batidor gir<\/p>\n","protected":false},"excerpt":{"rendered":"<p>Esta genial batidora emociona mucho a los ni\u00f1os y los peque\u00f1os pueden vivir la experiencia de hornear tartas en su cocinita. La batidora giratoria tiene recipiente de pl\u00e1stico para mezclar. El estable aparato de mezclar de madera con su batidor gir<\/p>\n","protected":false},"featured_media":14669,"comment_status":"open","ping_status":"closed","template":"","meta":[],"product_cat":[464],"product_tag":[],"class_list":["post-14671","product","type-product","status-publish","has-post-thumbnail","hentry","product_cat-juguetes-de-madera","thunk-woo-product-list","opn-qv-enable","top-store-woo-hover-","top-store-single-product-tab-horizontal","top-store-shadow-","top-store-shadow-hover-"],"_links":{"self":[{"href":"https:\/\/server.idssoft.net\/idsdemo\/wp-json\/wp\/v2\/product\/14671","targetHints":{"allow":["GET"]}}],"collection":[{"href":"https:\/\/server.idssoft.net\/idsdemo\/wp-json\/wp\/v2\/product"}],"about":[{"href":"https:\/\/server.idssoft.net\/idsdemo\/wp-json\/wp\/v2\/types\/product"}],"replies":[{"embeddable":true,"href":"https:\/\/server.idssoft.net\/idsdemo\/wp-json\/wp\/v2\/comments?post=14671"}],"wp:featuredmedia":[{"embeddable":true,"href":"https:\/\/server.idssoft.net\/idsdemo\/wp-json\/wp\/v2\/media\/14669"}],"wp:attachment":[{"href":"https:\/\/server.idssoft.net\/idsdemo\/wp-json\/wp\/v2\/media?parent=14671"}],"wp:term":[{"taxonomy":"product_cat","embeddable":true,"href":"https:\/\/server.idssoft.net\/idsdemo\/wp-json\/wp\/v2\/product_cat?post=14671"},{"taxonomy":"product_tag","embeddable":true,"href":"https:\/\/server.idssoft.net\/idsdemo\/wp-json\/wp\/v2\/product_tag?post=14671"}],"curies":[{"name":"wp","href":"https:\/\/api.w.org\/{rel}","templated":true}]}}