{"id":14674,"date":"2021-06-23T15:14:51","date_gmt":"2021-06-23T15:14:51","guid":{"rendered":"https:\/\/server.idssoft.net\/idsdemo\/producto\/bateria-de-cocina-roja-13-piezas\/"},"modified":"2021-06-23T15:14:51","modified_gmt":"2021-06-23T15:14:51","slug":"bateria-de-cocina-roja-13-piezas","status":"publish","type":"product","link":"https:\/\/server.idssoft.net\/idsdemo\/producto\/bateria-de-cocina-roja-13-piezas\/","title":{"rendered":"BATERIA DE COCINA ROJA 13 PIEZAS"},"content":{"rendered":"<p>\u00a1Todos los ni\u00f1os querr\u00e1n convertirse en chef! Un set fant\u00e1stico en un rojo llamativo con varios utensilios de cocina como ollas, una sart\u00e9n, una manopla y muchos auxiliares de cocina. Esta bater\u00eda de cocina roja facilita el trabajo en la cocina<\/p>\n","protected":false},"excerpt":{"rendered":"<p>\u00a1Todos los ni\u00f1os querr\u00e1n convertirse en chef! Un set fant\u00e1stico en un rojo llamativo con varios utensilios de cocina como ollas, una sart\u00e9n, una manopla y muchos auxiliares de cocina. Esta bater\u00eda de cocina roja facilita el trabajo en la cocina<\/p>\n","protected":false},"featured_media":14672,"comment_status":"open","ping_status":"closed","template":"","meta":[],"product_cat":[464],"product_tag":[],"class_list":["post-14674","product","type-product","status-publish","has-post-thumbnail","hentry","product_cat-juguetes-de-madera","thunk-woo-product-list","opn-qv-enable","top-store-woo-hover-","top-store-single-product-tab-horizontal","top-store-shadow-","top-store-shadow-hover-"],"_links":{"self":[{"href":"https:\/\/server.idssoft.net\/idsdemo\/wp-json\/wp\/v2\/product\/14674","targetHints":{"allow":["GET"]}}],"collection":[{"href":"https:\/\/server.idssoft.net\/idsdemo\/wp-json\/wp\/v2\/product"}],"about":[{"href":"https:\/\/server.idssoft.net\/idsdemo\/wp-json\/wp\/v2\/types\/product"}],"replies":[{"embeddable":true,"href":"https:\/\/server.idssoft.net\/idsdemo\/wp-json\/wp\/v2\/comments?post=14674"}],"wp:featuredmedia":[{"embeddable":true,"href":"https:\/\/server.idssoft.net\/idsdemo\/wp-json\/wp\/v2\/media\/14672"}],"wp:attachment":[{"href":"https:\/\/server.idssoft.net\/idsdemo\/wp-json\/wp\/v2\/media?parent=14674"}],"wp:term":[{"taxonomy":"product_cat","embeddable":true,"href":"https:\/\/server.idssoft.net\/idsdemo\/wp-json\/wp\/v2\/product_cat?post=14674"},{"taxonomy":"product_tag","embeddable":true,"href":"https:\/\/server.idssoft.net\/idsdemo\/wp-json\/wp\/v2\/product_tag?post=14674"}],"curies":[{"name":"wp","href":"https:\/\/api.w.org\/{rel}","templated":true}]}}