{"id":14683,"date":"2021-06-23T15:15:07","date_gmt":"2021-06-23T15:15:07","guid":{"rendered":"https:\/\/server.idssoft.net\/idsdemo\/producto\/set-de-vajilla-ollas-y-sartenes-para-cocina-infantil\/"},"modified":"2021-06-23T15:15:07","modified_gmt":"2021-06-23T15:15:07","slug":"set-de-vajilla-ollas-y-sartenes-para-cocina-infantil","status":"publish","type":"product","link":"https:\/\/server.idssoft.net\/idsdemo\/producto\/set-de-vajilla-ollas-y-sartenes-para-cocina-infantil\/","title":{"rendered":"SET DE VAJILLA OLLAS Y SARTENES PARA COCINA INFANTIL"},"content":{"rendered":"<p>\u00a1Para todos los cocineros estrella! Los peque\u00f1os se divertir\u00e1n con este juego de vajilla, platos y ollas, hechos de madera. Tapas removibles con peque\u00f1as perillas para f\u00e1cil agarre. La cocina de ni\u00f1os se convierte as\u00ed en una cocina de estrellas<\/p>\n","protected":false},"excerpt":{"rendered":"<p>\u00a1Para todos los cocineros estrella! Los peque\u00f1os se divertir\u00e1n con este juego de vajilla, platos y ollas, hechos de madera. Tapas removibles con peque\u00f1as perillas para f\u00e1cil agarre. La cocina de ni\u00f1os se convierte as\u00ed en una cocina de estrellas<\/p>\n","protected":false},"featured_media":14681,"comment_status":"open","ping_status":"closed","template":"","meta":[],"product_cat":[464],"product_tag":[],"class_list":["post-14683","product","type-product","status-publish","has-post-thumbnail","hentry","product_cat-juguetes-de-madera","thunk-woo-product-list","opn-qv-enable","top-store-woo-hover-","top-store-single-product-tab-horizontal","top-store-shadow-","top-store-shadow-hover-"],"_links":{"self":[{"href":"https:\/\/server.idssoft.net\/idsdemo\/wp-json\/wp\/v2\/product\/14683","targetHints":{"allow":["GET"]}}],"collection":[{"href":"https:\/\/server.idssoft.net\/idsdemo\/wp-json\/wp\/v2\/product"}],"about":[{"href":"https:\/\/server.idssoft.net\/idsdemo\/wp-json\/wp\/v2\/types\/product"}],"replies":[{"embeddable":true,"href":"https:\/\/server.idssoft.net\/idsdemo\/wp-json\/wp\/v2\/comments?post=14683"}],"wp:featuredmedia":[{"embeddable":true,"href":"https:\/\/server.idssoft.net\/idsdemo\/wp-json\/wp\/v2\/media\/14681"}],"wp:attachment":[{"href":"https:\/\/server.idssoft.net\/idsdemo\/wp-json\/wp\/v2\/media?parent=14683"}],"wp:term":[{"taxonomy":"product_cat","embeddable":true,"href":"https:\/\/server.idssoft.net\/idsdemo\/wp-json\/wp\/v2\/product_cat?post=14683"},{"taxonomy":"product_tag","embeddable":true,"href":"https:\/\/server.idssoft.net\/idsdemo\/wp-json\/wp\/v2\/product_tag?post=14683"}],"curies":[{"name":"wp","href":"https:\/\/api.w.org\/{rel}","templated":true}]}}