{"id":14699,"date":"2021-06-23T15:15:30","date_gmt":"2021-06-23T15:15:30","guid":{"rendered":"https:\/\/server.idssoft.net\/idsdemo\/producto\/cocina-infantil-modular-xl\/"},"modified":"2021-06-23T15:15:30","modified_gmt":"2021-06-23T15:15:30","slug":"cocina-infantil-modular-xl","status":"publish","type":"product","link":"https:\/\/server.idssoft.net\/idsdemo\/producto\/cocina-infantil-modular-xl\/","title":{"rendered":"COCINA INFANTIL MODULAR XL"},"content":{"rendered":"<p>\u00a1Atenci\u00f3n, Chefs! Esta amplia y bien equipada cocina infantil dispone de encimera, fregadero, lavavajillas, microondas, frigor\u00edfico y horno que son todos los electrodom\u00e9sticos de un hogar moderno. Gracias a su sistema modular se puede acomodar com<\/p>\n","protected":false},"excerpt":{"rendered":"<p>\u00a1Atenci\u00f3n, Chefs! Esta amplia y bien equipada cocina infantil dispone de encimera, fregadero, lavavajillas, microondas, frigor\u00edfico y horno que son todos los electrodom\u00e9sticos de un hogar moderno. Gracias a su sistema modular se puede acomodar com<\/p>\n","protected":false},"featured_media":14696,"comment_status":"open","ping_status":"closed","template":"","meta":[],"product_cat":[464],"product_tag":[],"class_list":["post-14699","product","type-product","status-publish","has-post-thumbnail","hentry","product_cat-juguetes-de-madera","thunk-woo-product-list","opn-qv-enable","top-store-woo-hover-","top-store-single-product-tab-horizontal","top-store-shadow-","top-store-shadow-hover-"],"_links":{"self":[{"href":"https:\/\/server.idssoft.net\/idsdemo\/wp-json\/wp\/v2\/product\/14699","targetHints":{"allow":["GET"]}}],"collection":[{"href":"https:\/\/server.idssoft.net\/idsdemo\/wp-json\/wp\/v2\/product"}],"about":[{"href":"https:\/\/server.idssoft.net\/idsdemo\/wp-json\/wp\/v2\/types\/product"}],"replies":[{"embeddable":true,"href":"https:\/\/server.idssoft.net\/idsdemo\/wp-json\/wp\/v2\/comments?post=14699"}],"wp:featuredmedia":[{"embeddable":true,"href":"https:\/\/server.idssoft.net\/idsdemo\/wp-json\/wp\/v2\/media\/14696"}],"wp:attachment":[{"href":"https:\/\/server.idssoft.net\/idsdemo\/wp-json\/wp\/v2\/media?parent=14699"}],"wp:term":[{"taxonomy":"product_cat","embeddable":true,"href":"https:\/\/server.idssoft.net\/idsdemo\/wp-json\/wp\/v2\/product_cat?post=14699"},{"taxonomy":"product_tag","embeddable":true,"href":"https:\/\/server.idssoft.net\/idsdemo\/wp-json\/wp\/v2\/product_tag?post=14699"}],"curies":[{"name":"wp","href":"https:\/\/api.w.org\/{rel}","templated":true}]}}