{"id":14703,"date":"2021-06-23T15:15:36","date_gmt":"2021-06-23T15:15:36","guid":{"rendered":"https:\/\/server.idssoft.net\/idsdemo\/producto\/futbolin-de-mesa-junior\/"},"modified":"2021-06-23T15:15:36","modified_gmt":"2021-06-23T15:15:36","slug":"futbolin-de-mesa-junior","status":"publish","type":"product","link":"https:\/\/server.idssoft.net\/idsdemo\/producto\/futbolin-de-mesa-junior\/","title":{"rendered":"FUTBOLIN DE MESA JUNIOR"},"content":{"rendered":"<p>Este modelo ofrece a los amigos peque\u00f1os que se inician en el futbol\u00edn de mesa, despertar y perfeccionar sus habilidades motrices. Este campo de juego est\u00e1 totalmente hecho en colorida madera clara barnizada. Las varillas cuentan con manillas pl\u00e1s<\/p>\n","protected":false},"excerpt":{"rendered":"<p>Este modelo ofrece a los amigos peque\u00f1os que se inician en el futbol\u00edn de mesa, despertar y perfeccionar sus habilidades motrices. Este campo de juego est\u00e1 totalmente hecho en colorida madera clara barnizada. Las varillas cuentan con manillas pl\u00e1s<\/p>\n","protected":false},"featured_media":14700,"comment_status":"open","ping_status":"closed","template":"","meta":[],"product_cat":[464],"product_tag":[],"class_list":["post-14703","product","type-product","status-publish","has-post-thumbnail","hentry","product_cat-juguetes-de-madera","thunk-woo-product-list","opn-qv-enable","top-store-woo-hover-","top-store-single-product-tab-horizontal","top-store-shadow-","top-store-shadow-hover-"],"_links":{"self":[{"href":"https:\/\/server.idssoft.net\/idsdemo\/wp-json\/wp\/v2\/product\/14703","targetHints":{"allow":["GET"]}}],"collection":[{"href":"https:\/\/server.idssoft.net\/idsdemo\/wp-json\/wp\/v2\/product"}],"about":[{"href":"https:\/\/server.idssoft.net\/idsdemo\/wp-json\/wp\/v2\/types\/product"}],"replies":[{"embeddable":true,"href":"https:\/\/server.idssoft.net\/idsdemo\/wp-json\/wp\/v2\/comments?post=14703"}],"wp:featuredmedia":[{"embeddable":true,"href":"https:\/\/server.idssoft.net\/idsdemo\/wp-json\/wp\/v2\/media\/14700"}],"wp:attachment":[{"href":"https:\/\/server.idssoft.net\/idsdemo\/wp-json\/wp\/v2\/media?parent=14703"}],"wp:term":[{"taxonomy":"product_cat","embeddable":true,"href":"https:\/\/server.idssoft.net\/idsdemo\/wp-json\/wp\/v2\/product_cat?post=14703"},{"taxonomy":"product_tag","embeddable":true,"href":"https:\/\/server.idssoft.net\/idsdemo\/wp-json\/wp\/v2\/product_tag?post=14703"}],"curies":[{"name":"wp","href":"https:\/\/api.w.org\/{rel}","templated":true}]}}