{"id":14717,"date":"2021-06-23T15:15:59","date_gmt":"2021-06-23T15:15:59","guid":{"rendered":"https:\/\/server.idssoft.net\/idsdemo\/producto\/soporte-smartphone-bicicleta-motos-c51-xo\/"},"modified":"2021-06-23T15:15:59","modified_gmt":"2021-06-23T15:15:59","slug":"soporte-smartphone-bicicleta-motos-c51-xo","status":"publish","type":"product","link":"https:\/\/server.idssoft.net\/idsdemo\/producto\/soporte-smartphone-bicicleta-motos-c51-xo\/","title":{"rendered":"SOPORTE SMARTPHONE BICICLETA\/MOTOS C51 XO"},"content":{"rendered":"<p>&#8211; Soporte de gran sujeci\u00f3n <br \/>&#8211; Se adapta al tama\u00f1o de su smartphone<br \/>&#8211; Multidireccional<br \/>&#8211; Rotaci\u00f3n 360\u00ba<br \/>&#8211; Apertura 60 &#8211; 90 mm  <\/p>\n","protected":false},"excerpt":{"rendered":"<p>&#8211; Soporte de gran sujeci\u00f3n &#8211; Se adapta al tama\u00f1o de su smartphone&#8211; Multidireccional&#8211; Rotaci\u00f3n 360\u00ba&#8211; Apertura 60 &#8211; 90 mm<\/p>\n","protected":false},"featured_media":14715,"comment_status":"open","ping_status":"closed","template":"","meta":[],"product_cat":[642],"product_tag":[],"class_list":["post-14717","product","type-product","status-publish","has-post-thumbnail","hentry","product_cat-accesorios-smartphone-coche","thunk-woo-product-list","opn-qv-enable","top-store-woo-hover-","top-store-single-product-tab-horizontal","top-store-shadow-","top-store-shadow-hover-"],"_links":{"self":[{"href":"https:\/\/server.idssoft.net\/idsdemo\/wp-json\/wp\/v2\/product\/14717","targetHints":{"allow":["GET"]}}],"collection":[{"href":"https:\/\/server.idssoft.net\/idsdemo\/wp-json\/wp\/v2\/product"}],"about":[{"href":"https:\/\/server.idssoft.net\/idsdemo\/wp-json\/wp\/v2\/types\/product"}],"replies":[{"embeddable":true,"href":"https:\/\/server.idssoft.net\/idsdemo\/wp-json\/wp\/v2\/comments?post=14717"}],"wp:featuredmedia":[{"embeddable":true,"href":"https:\/\/server.idssoft.net\/idsdemo\/wp-json\/wp\/v2\/media\/14715"}],"wp:attachment":[{"href":"https:\/\/server.idssoft.net\/idsdemo\/wp-json\/wp\/v2\/media?parent=14717"}],"wp:term":[{"taxonomy":"product_cat","embeddable":true,"href":"https:\/\/server.idssoft.net\/idsdemo\/wp-json\/wp\/v2\/product_cat?post=14717"},{"taxonomy":"product_tag","embeddable":true,"href":"https:\/\/server.idssoft.net\/idsdemo\/wp-json\/wp\/v2\/product_tag?post=14717"}],"curies":[{"name":"wp","href":"https:\/\/api.w.org\/{rel}","templated":true}]}}